{"id":1012,"date":"2025-04-05T03:13:08","date_gmt":"2025-04-05T03:13:08","guid":{"rendered":"https:\/\/www.rgpeo.com\/education-et-evenements\/"},"modified":"2025-08-26T20:56:40","modified_gmt":"2025-08-26T20:56:40","slug":"education-et-evenements","status":"publish","type":"page","link":"https:\/\/www.rgpeo.com\/fr\/education-et-evenements\/","title":{"rendered":"\u00c9ducation et \u00e9v\u00e9nements"},"content":{"rendered":"\t\t<div data-elementor-type=\"wp-page\" data-elementor-id=\"1012\" class=\"elementor elementor-1012 elementor-30\" data-elementor-post-type=\"page\">\n\t\t\t\t<div class=\"elementor-element elementor-element-7297c5f8 e-flex e-con-boxed wpr-particle-no wpr-jarallax-no wpr-parallax-no wpr-sticky-section-no e-con e-parent\" data-id=\"7297c5f8\" data-element_type=\"container\" data-settings=\"{&quot;background_background&quot;:&quot;gradient&quot;}\">\n\t\t\t\t\t<div class=\"e-con-inner\">\n\t\t\t\t<div class=\"elementor-element elementor-element-6c4f3e57 elementor-widget elementor-widget-heading\" data-id=\"6c4f3e57\" data-element_type=\"widget\" data-widget_type=\"heading.default\">\n\t\t\t\t<div class=\"elementor-widget-container\">\n\t\t\t\t\t<h2 class=\"elementor-heading-title elementor-size-default\">\u00c9ducation et \u00e9v\u00e9nements<\/h2>\t\t\t\t<\/div>\n\t\t\t\t<\/div>\n\t\t\t\t<div class=\"elementor-element elementor-element-6fda0574 elementor-widget elementor-widget-text-editor\" data-id=\"6fda0574\" data-element_type=\"widget\" data-widget_type=\"text-editor.default\">\n\t\t\t\t<div class=\"elementor-widget-container\">\n\t\t\t\t\t\t\t\t\t<p>Qu&rsquo;il s&rsquo;agisse d&rsquo;ateliers de d\u00e9veloppement des comp\u00e9tences ou de formation au d\u00e9veloppement personnel, nos \u00e9v\u00e9nements sont ax\u00e9s sur l&rsquo;am\u00e9lioration de soi.<\/p><p>Rejoignez-nous pour acqu\u00e9rir des connaissances pr\u00e9cieuses, entrer en contact avec d&rsquo;autres personnes et passer \u00e0 l&rsquo;\u00e9tape suivante de votre d\u00e9veloppement professionnel.<\/p>\t\t\t\t\t\t\t\t<\/div>\n\t\t\t\t<\/div>\n\t\t\t\t\t<\/div>\n\t\t\t\t<\/div>\n\t\t\t\t<section class=\"elementor-section elementor-top-section elementor-element elementor-element-30ccf26 elementor-section-boxed elementor-section-height-default elementor-section-height-default wpr-particle-no wpr-jarallax-no wpr-parallax-no wpr-sticky-section-no\" data-id=\"30ccf26\" data-element_type=\"section\" data-settings=\"{&quot;background_background&quot;:&quot;classic&quot;}\">\n\t\t\t\t\t\t\t<div class=\"elementor-background-overlay\"><\/div>\n\t\t\t\t\t\t\t<div class=\"elementor-container elementor-column-gap-default\">\n\t\t\t\t\t<div class=\"elementor-column elementor-col-100 elementor-top-column elementor-element elementor-element-5fad9fe\" data-id=\"5fad9fe\" data-element_type=\"column\" data-settings=\"{&quot;background_background&quot;:&quot;classic&quot;}\">\n\t\t\t<div class=\"elementor-widget-wrap elementor-element-populated\">\n\t\t\t\t\t\t<section class=\"elementor-section elementor-inner-section elementor-element elementor-element-13ce64e9 elementor-section-content-space-between elementor-section-boxed elementor-section-height-default elementor-section-height-default wpr-particle-no wpr-jarallax-no wpr-parallax-no wpr-sticky-section-no elementor-invisible\" data-id=\"13ce64e9\" data-element_type=\"section\" data-settings=\"{&quot;animation&quot;:&quot;fadeIn&quot;}\">\n\t\t\t\t\t\t<div class=\"elementor-container elementor-column-gap-default\">\n\t\t\t\t\t<div class=\"elementor-column elementor-col-50 elementor-inner-column elementor-element elementor-element-54bdeaac\" data-id=\"54bdeaac\" data-element_type=\"column\" data-settings=\"{&quot;background_background&quot;:&quot;classic&quot;}\">\n\t\t\t<div class=\"elementor-widget-wrap elementor-element-populated\">\n\t\t\t\t\t<div class=\"elementor-background-overlay\"><\/div>\n\t\t\t\t\t\t<div class=\"elementor-element elementor-element-5df9b0d elementor-invisible elementor-widget elementor-widget-heading\" data-id=\"5df9b0d\" data-element_type=\"widget\" data-settings=\"{&quot;_animation&quot;:&quot;fadeInUp&quot;}\" data-widget_type=\"heading.default\">\n\t\t\t\t<div class=\"elementor-widget-container\">\n\t\t\t\t\t<h2 class=\"elementor-heading-title elementor-size-default\">S\u00e9rie sur l'\u00e9ducation g\u00e9riatrique<\/h2>\t\t\t\t<\/div>\n\t\t\t\t<\/div>\n\t\t\t\t<div class=\"elementor-element elementor-element-b6fa6bd elementor-widget elementor-widget-text-editor\" data-id=\"b6fa6bd\" data-element_type=\"widget\" data-widget_type=\"text-editor.default\">\n\t\t\t\t<div class=\"elementor-widget-container\">\n\t\t\t\t\t\t\t\t\t<p>Ce cours virtuel de deux jours, propos\u00e9 deux fois par an, combine des cours magistraux et un apprentissage bas\u00e9 sur des cas concrets. Il s&rsquo;adresse aux professionnels de la sant\u00e9 qui travaillent avec des personnes \u00e2g\u00e9es dans tous les contextes de soins &#8211; communautaires, ambulatoires, d&rsquo;urgence, hospitaliers et de soins de longue dur\u00e9e. Les th\u00e8mes abord\u00e9s sont la d\u00e9mence, le d\u00e9lire, la d\u00e9pression, la mobilit\u00e9, les chutes, la capacit\u00e9 et la vie \u00e0 risque.<\/p>\t\t\t\t\t\t\t\t<\/div>\n\t\t\t\t<\/div>\n\t\t\t\t<div class=\"elementor-element elementor-element-f500d45 elementor-align-center elementor-widget elementor-widget-button\" data-id=\"f500d45\" data-element_type=\"widget\" data-widget_type=\"button.default\">\n\t\t\t\t<div class=\"elementor-widget-container\">\n\t\t\t\t\t\t\t\t\t<div class=\"elementor-button-wrapper\">\n\t\t\t\t\t<a class=\"elementor-button elementor-button-link elementor-size-sm\" href=\"https:\/\/www.rgpeo.com\/fr\/education-et-evenements\/serie-sur-leducation-geriatrique\/\">\n\t\t\t\t\t\t<span class=\"elementor-button-content-wrapper\">\n\t\t\t\t\t\t\t\t\t<span class=\"elementor-button-text\">Voir les \u00e9v\u00e9nements \u00e0 venir<\/span>\n\t\t\t\t\t<\/span>\n\t\t\t\t\t<\/a>\n\t\t\t\t<\/div>\n\t\t\t\t\t\t\t\t<\/div>\n\t\t\t\t<\/div>\n\t\t\t\t\t<\/div>\n\t\t<\/div>\n\t\t\t\t<div class=\"elementor-column elementor-col-50 elementor-inner-column elementor-element elementor-element-474f8d3b\" data-id=\"474f8d3b\" data-element_type=\"column\" data-settings=\"{&quot;background_background&quot;:&quot;classic&quot;}\">\n\t\t\t<div class=\"elementor-widget-wrap elementor-element-populated\">\n\t\t\t\t\t<div class=\"elementor-background-overlay\"><\/div>\n\t\t\t\t\t\t<div class=\"elementor-element elementor-element-20d6ac06 elementor-invisible elementor-widget elementor-widget-heading\" data-id=\"20d6ac06\" data-element_type=\"widget\" data-settings=\"{&quot;_animation&quot;:&quot;fadeInUp&quot;}\" data-widget_type=\"heading.default\">\n\t\t\t\t<div class=\"elementor-widget-container\">\n\t\t\t\t\t<h2 class=\"elementor-heading-title elementor-size-default\">Les \u00e9preuves r\u00e9gionales de la RGPEO<\/h2>\t\t\t\t<\/div>\n\t\t\t\t<\/div>\n\t\t\t\t<div class=\"elementor-element elementor-element-3777eef9 elementor-widget elementor-widget-text-editor\" data-id=\"3777eef9\" data-element_type=\"widget\" data-widget_type=\"text-editor.default\">\n\t\t\t\t<div class=\"elementor-widget-container\">\n\t\t\t\t\t\t\t\t\t<p>En partenariat avec des experts r\u00e9gionaux en m\u00e9decine g\u00e9riatrique, en psychiatrie g\u00e9riatrique et en soins aux personnes \u00e2g\u00e9es, les conf\u00e9rences r\u00e9gionales du RGPEO offrent une plateforme pour pr\u00e9senter la recherche, l&rsquo;innovation, les meilleures pratiques et les derni\u00e8res d\u00e9couvertes aux professionnels de la sant\u00e9, notamment les m\u00e9decins, les infirmi\u00e8res, les prestataires de soins de sant\u00e9 primaires et les professionnels param\u00e9dicaux.<\/p>\t\t\t\t\t\t\t\t<\/div>\n\t\t\t\t<\/div>\n\t\t\t\t<div class=\"elementor-element elementor-element-989319c elementor-align-center elementor-widget elementor-widget-button\" data-id=\"989319c\" data-element_type=\"widget\" data-widget_type=\"button.default\">\n\t\t\t\t<div class=\"elementor-widget-container\">\n\t\t\t\t\t\t\t\t\t<div class=\"elementor-button-wrapper\">\n\t\t\t\t\t<a class=\"elementor-button elementor-button-link elementor-size-sm\" href=\"https:\/\/www.rgpeo.com\/fr\/education-et-evenements\/rondes-geriatriques-rgpeo\/\">\n\t\t\t\t\t\t<span class=\"elementor-button-content-wrapper\">\n\t\t\t\t\t\t\t\t\t<span class=\"elementor-button-text\">Voir les \u00e9v\u00e9nements \u00e0 venir<\/span>\n\t\t\t\t\t<\/span>\n\t\t\t\t\t<\/a>\n\t\t\t\t<\/div>\n\t\t\t\t\t\t\t\t<\/div>\n\t\t\t\t<\/div>\n\t\t\t\t\t<\/div>\n\t\t<\/div>\n\t\t\t\t\t<\/div>\n\t\t<\/section>\n\t\t\t\t<div class=\"elementor-element elementor-element-f9a7eb7 elementor-widget elementor-widget-spacer\" data-id=\"f9a7eb7\" data-element_type=\"widget\" data-widget_type=\"spacer.default\">\n\t\t\t\t<div class=\"elementor-widget-container\">\n\t\t\t\t\t\t\t<div class=\"elementor-spacer\">\n\t\t\t<div class=\"elementor-spacer-inner\"><\/div>\n\t\t<\/div>\n\t\t\t\t\t\t<\/div>\n\t\t\t\t<\/div>\n\t\t\t\t\t<\/div>\n\t\t<\/div>\n\t\t\t\t\t<\/div>\n\t\t<\/section>\n\t\t\t\t<\/div>\n\t\t","protected":false},"excerpt":{"rendered":"<p>\u00c9ducation et \u00e9v\u00e9nements Qu&rsquo;il s&rsquo;agisse d&rsquo;ateliers de d\u00e9veloppement des comp\u00e9tences ou de formation au d\u00e9veloppement personnel, nos \u00e9v\u00e9nements sont ax\u00e9s sur l&rsquo;am\u00e9lioration de soi. Rejoignez-nous pour acqu\u00e9rir des connaissances pr\u00e9cieuses, entrer en contact avec d&rsquo;autres personnes et passer \u00e0 l&rsquo;\u00e9tape suivante de votre d\u00e9veloppement professionnel. S\u00e9rie sur l&rsquo;\u00e9ducation g\u00e9riatrique Ce cours virtuel de deux jours, propos\u00e9 deux fois par an, combine des cours magistraux et un apprentissage bas\u00e9 sur des cas concrets. Il s&rsquo;adresse aux professionnels de la sant\u00e9 qui travaillent avec des personnes \u00e2g\u00e9es dans tous les contextes de soins &#8211; communautaires, ambulatoires, d&rsquo;urgence, hospitaliers et de soins de longue dur\u00e9e. Les th\u00e8mes abord\u00e9s sont la d\u00e9mence, le d\u00e9lire, la d\u00e9pression, la mobilit\u00e9, les chutes, la capacit\u00e9 et la vie \u00e0 risque. Voir les \u00e9v\u00e9nements \u00e0 venir Les \u00e9preuves r\u00e9gionales de la RGPEO En partenariat avec des experts r\u00e9gionaux en m\u00e9decine g\u00e9riatrique, en psychiatrie g\u00e9riatrique et en soins aux personnes \u00e2g\u00e9es, les conf\u00e9rences r\u00e9gionales du RGPEO offrent une plateforme pour pr\u00e9senter la recherche, l&rsquo;innovation, les meilleures pratiques et les derni\u00e8res d\u00e9couvertes aux professionnels de la sant\u00e9, notamment les m\u00e9decins, les infirmi\u00e8res, les prestataires de soins de sant\u00e9 primaires et les professionnels param\u00e9dicaux. Voir les \u00e9v\u00e9nements \u00e0 venir<\/p>\n","protected":false},"author":9,"featured_media":0,"parent":0,"menu_order":0,"comment_status":"closed","ping_status":"closed","template":"","meta":{"_acf_changed":false,"footnotes":""},"class_list":["post-1012","page","type-page","status-publish","hentry"],"acf":[],"yoast_head":"<!-- This site is optimized with the Yoast SEO plugin v26.8 - https:\/\/yoast.com\/product\/yoast-seo-wordpress\/ -->\n<title>\u00c9ducation et \u00e9v\u00e9nements - RGPEO: Regional Geriatric Program of Eastern Ontario<\/title>\n<meta name=\"robots\" content=\"index, follow, max-snippet:-1, max-image-preview:large, max-video-preview:-1\" \/>\n<link rel=\"canonical\" href=\"https:\/\/www.rgpeo.com\/fr\/education-et-evenements\/\" \/>\n<meta property=\"og:locale\" content=\"fr_FR\" \/>\n<meta property=\"og:type\" content=\"article\" \/>\n<meta property=\"og:title\" content=\"\u00c9ducation et \u00e9v\u00e9nements - RGPEO: Regional Geriatric Program of Eastern Ontario\" \/>\n<meta property=\"og:description\" content=\"\u00c9ducation et \u00e9v\u00e9nements Qu&rsquo;il s&rsquo;agisse d&rsquo;ateliers de d\u00e9veloppement des comp\u00e9tences ou de formation au d\u00e9veloppement personnel, nos \u00e9v\u00e9nements sont ax\u00e9s sur l&rsquo;am\u00e9lioration de soi. Rejoignez-nous pour acqu\u00e9rir des connaissances pr\u00e9cieuses, entrer en contact avec d&rsquo;autres personnes et passer \u00e0 l&rsquo;\u00e9tape suivante de votre d\u00e9veloppement professionnel. S\u00e9rie sur l&rsquo;\u00e9ducation g\u00e9riatrique Ce cours virtuel de deux jours, propos\u00e9 deux fois par an, combine des cours magistraux et un apprentissage bas\u00e9 sur des cas concrets. Il s&rsquo;adresse aux professionnels de la sant\u00e9 qui travaillent avec des personnes \u00e2g\u00e9es dans tous les contextes de soins &#8211; communautaires, ambulatoires, d&rsquo;urgence, hospitaliers et de soins de longue dur\u00e9e. Les th\u00e8mes abord\u00e9s sont la d\u00e9mence, le d\u00e9lire, la d\u00e9pression, la mobilit\u00e9, les chutes, la capacit\u00e9 et la vie \u00e0 risque. Voir les \u00e9v\u00e9nements \u00e0 venir Les \u00e9preuves r\u00e9gionales de la RGPEO En partenariat avec des experts r\u00e9gionaux en m\u00e9decine g\u00e9riatrique, en psychiatrie g\u00e9riatrique et en soins aux personnes \u00e2g\u00e9es, les conf\u00e9rences r\u00e9gionales du RGPEO offrent une plateforme pour pr\u00e9senter la recherche, l&rsquo;innovation, les meilleures pratiques et les derni\u00e8res d\u00e9couvertes aux professionnels de la sant\u00e9, notamment les m\u00e9decins, les infirmi\u00e8res, les prestataires de soins de sant\u00e9 primaires et les professionnels param\u00e9dicaux. Voir les \u00e9v\u00e9nements \u00e0 venir\" \/>\n<meta property=\"og:url\" content=\"https:\/\/www.rgpeo.com\/fr\/education-et-evenements\/\" \/>\n<meta property=\"og:site_name\" content=\"RGPEO: Regional Geriatric Program of Eastern Ontario\" \/>\n<meta property=\"article:modified_time\" content=\"2025-08-26T20:56:40+00:00\" \/>\n<meta name=\"twitter:card\" content=\"summary_large_image\" \/>\n<meta name=\"twitter:label1\" content=\"Dur\u00e9e de lecture estim\u00e9e\" \/>\n\t<meta name=\"twitter:data1\" content=\"1 minute\" \/>\n<script type=\"application\/ld+json\" class=\"yoast-schema-graph\">{\"@context\":\"https:\/\/schema.org\",\"@graph\":[{\"@type\":\"WebPage\",\"@id\":\"https:\/\/www.rgpeo.com\/fr\/education-et-evenements\/\",\"url\":\"https:\/\/www.rgpeo.com\/fr\/education-et-evenements\/\",\"name\":\"\u00c9ducation et \u00e9v\u00e9nements - RGPEO: Regional Geriatric Program of Eastern Ontario\",\"isPartOf\":{\"@id\":\"https:\/\/www.rgpeo.com\/fr\/#website\"},\"datePublished\":\"2025-04-05T03:13:08+00:00\",\"dateModified\":\"2025-08-26T20:56:40+00:00\",\"breadcrumb\":{\"@id\":\"https:\/\/www.rgpeo.com\/fr\/education-et-evenements\/#breadcrumb\"},\"inLanguage\":\"fr-FR\",\"potentialAction\":[{\"@type\":\"ReadAction\",\"target\":[\"https:\/\/www.rgpeo.com\/fr\/education-et-evenements\/\"]}]},{\"@type\":\"BreadcrumbList\",\"@id\":\"https:\/\/www.rgpeo.com\/fr\/education-et-evenements\/#breadcrumb\",\"itemListElement\":[{\"@type\":\"ListItem\",\"position\":1,\"name\":\"Accueil\",\"item\":\"https:\/\/www.rgpeo.com\/fr\/accueil\/\"},{\"@type\":\"ListItem\",\"position\":2,\"name\":\"\u00c9ducation et \u00e9v\u00e9nements\"}]},{\"@type\":\"WebSite\",\"@id\":\"https:\/\/www.rgpeo.com\/fr\/#website\",\"url\":\"https:\/\/www.rgpeo.com\/fr\/\",\"name\":\"RGPEO: Regional Geriatric Program of Eastern Ontario\",\"description\":\"\",\"publisher\":{\"@id\":\"https:\/\/www.rgpeo.com\/fr\/#organization\"},\"potentialAction\":[{\"@type\":\"SearchAction\",\"target\":{\"@type\":\"EntryPoint\",\"urlTemplate\":\"https:\/\/www.rgpeo.com\/fr\/?s={search_term_string}\"},\"query-input\":{\"@type\":\"PropertyValueSpecification\",\"valueRequired\":true,\"valueName\":\"search_term_string\"}}],\"inLanguage\":\"fr-FR\"},{\"@type\":\"Organization\",\"@id\":\"https:\/\/www.rgpeo.com\/fr\/#organization\",\"name\":\"RGPEO: Regional Geriatric Program of Eastern Ontario\",\"url\":\"https:\/\/www.rgpeo.com\/fr\/\",\"logo\":{\"@type\":\"ImageObject\",\"inLanguage\":\"fr-FR\",\"@id\":\"https:\/\/www.rgpeo.com\/fr\/#\/schema\/logo\/image\/\",\"url\":\"https:\/\/www.rgpeo.com\/wp-content\/uploads\/2025\/04\/logo.png\",\"contentUrl\":\"https:\/\/www.rgpeo.com\/wp-content\/uploads\/2025\/04\/logo.png\",\"width\":232,\"height\":94,\"caption\":\"RGPEO: Regional Geriatric Program of Eastern Ontario\"},\"image\":{\"@id\":\"https:\/\/www.rgpeo.com\/fr\/#\/schema\/logo\/image\/\"}}]}<\/script>\n<!-- \/ Yoast SEO plugin. -->","yoast_head_json":{"title":"\u00c9ducation et \u00e9v\u00e9nements - RGPEO: Regional Geriatric Program of Eastern Ontario","robots":{"index":"index","follow":"follow","max-snippet":"max-snippet:-1","max-image-preview":"max-image-preview:large","max-video-preview":"max-video-preview:-1"},"canonical":"https:\/\/www.rgpeo.com\/fr\/education-et-evenements\/","og_locale":"fr_FR","og_type":"article","og_title":"\u00c9ducation et \u00e9v\u00e9nements - RGPEO: Regional Geriatric Program of Eastern Ontario","og_description":"\u00c9ducation et \u00e9v\u00e9nements Qu&rsquo;il s&rsquo;agisse d&rsquo;ateliers de d\u00e9veloppement des comp\u00e9tences ou de formation au d\u00e9veloppement personnel, nos \u00e9v\u00e9nements sont ax\u00e9s sur l&rsquo;am\u00e9lioration de soi. Rejoignez-nous pour acqu\u00e9rir des connaissances pr\u00e9cieuses, entrer en contact avec d&rsquo;autres personnes et passer \u00e0 l&rsquo;\u00e9tape suivante de votre d\u00e9veloppement professionnel. S\u00e9rie sur l&rsquo;\u00e9ducation g\u00e9riatrique Ce cours virtuel de deux jours, propos\u00e9 deux fois par an, combine des cours magistraux et un apprentissage bas\u00e9 sur des cas concrets. Il s&rsquo;adresse aux professionnels de la sant\u00e9 qui travaillent avec des personnes \u00e2g\u00e9es dans tous les contextes de soins &#8211; communautaires, ambulatoires, d&rsquo;urgence, hospitaliers et de soins de longue dur\u00e9e. Les th\u00e8mes abord\u00e9s sont la d\u00e9mence, le d\u00e9lire, la d\u00e9pression, la mobilit\u00e9, les chutes, la capacit\u00e9 et la vie \u00e0 risque. Voir les \u00e9v\u00e9nements \u00e0 venir Les \u00e9preuves r\u00e9gionales de la RGPEO En partenariat avec des experts r\u00e9gionaux en m\u00e9decine g\u00e9riatrique, en psychiatrie g\u00e9riatrique et en soins aux personnes \u00e2g\u00e9es, les conf\u00e9rences r\u00e9gionales du RGPEO offrent une plateforme pour pr\u00e9senter la recherche, l&rsquo;innovation, les meilleures pratiques et les derni\u00e8res d\u00e9couvertes aux professionnels de la sant\u00e9, notamment les m\u00e9decins, les infirmi\u00e8res, les prestataires de soins de sant\u00e9 primaires et les professionnels param\u00e9dicaux. Voir les \u00e9v\u00e9nements \u00e0 venir","og_url":"https:\/\/www.rgpeo.com\/fr\/education-et-evenements\/","og_site_name":"RGPEO: Regional Geriatric Program of Eastern Ontario","article_modified_time":"2025-08-26T20:56:40+00:00","twitter_card":"summary_large_image","twitter_misc":{"Dur\u00e9e de lecture estim\u00e9e":"1 minute"},"schema":{"@context":"https:\/\/schema.org","@graph":[{"@type":"WebPage","@id":"https:\/\/www.rgpeo.com\/fr\/education-et-evenements\/","url":"https:\/\/www.rgpeo.com\/fr\/education-et-evenements\/","name":"\u00c9ducation et \u00e9v\u00e9nements - RGPEO: Regional Geriatric Program of Eastern Ontario","isPartOf":{"@id":"https:\/\/www.rgpeo.com\/fr\/#website"},"datePublished":"2025-04-05T03:13:08+00:00","dateModified":"2025-08-26T20:56:40+00:00","breadcrumb":{"@id":"https:\/\/www.rgpeo.com\/fr\/education-et-evenements\/#breadcrumb"},"inLanguage":"fr-FR","potentialAction":[{"@type":"ReadAction","target":["https:\/\/www.rgpeo.com\/fr\/education-et-evenements\/"]}]},{"@type":"BreadcrumbList","@id":"https:\/\/www.rgpeo.com\/fr\/education-et-evenements\/#breadcrumb","itemListElement":[{"@type":"ListItem","position":1,"name":"Accueil","item":"https:\/\/www.rgpeo.com\/fr\/accueil\/"},{"@type":"ListItem","position":2,"name":"\u00c9ducation et \u00e9v\u00e9nements"}]},{"@type":"WebSite","@id":"https:\/\/www.rgpeo.com\/fr\/#website","url":"https:\/\/www.rgpeo.com\/fr\/","name":"RGPEO: Regional Geriatric Program of Eastern Ontario","description":"","publisher":{"@id":"https:\/\/www.rgpeo.com\/fr\/#organization"},"potentialAction":[{"@type":"SearchAction","target":{"@type":"EntryPoint","urlTemplate":"https:\/\/www.rgpeo.com\/fr\/?s={search_term_string}"},"query-input":{"@type":"PropertyValueSpecification","valueRequired":true,"valueName":"search_term_string"}}],"inLanguage":"fr-FR"},{"@type":"Organization","@id":"https:\/\/www.rgpeo.com\/fr\/#organization","name":"RGPEO: Regional Geriatric Program of Eastern Ontario","url":"https:\/\/www.rgpeo.com\/fr\/","logo":{"@type":"ImageObject","inLanguage":"fr-FR","@id":"https:\/\/www.rgpeo.com\/fr\/#\/schema\/logo\/image\/","url":"https:\/\/www.rgpeo.com\/wp-content\/uploads\/2025\/04\/logo.png","contentUrl":"https:\/\/www.rgpeo.com\/wp-content\/uploads\/2025\/04\/logo.png","width":232,"height":94,"caption":"RGPEO: Regional Geriatric Program of Eastern Ontario"},"image":{"@id":"https:\/\/www.rgpeo.com\/fr\/#\/schema\/logo\/image\/"}}]}},"_links":{"self":[{"href":"https:\/\/www.rgpeo.com\/fr\/wp-json\/wp\/v2\/pages\/1012","targetHints":{"allow":["GET"]}}],"collection":[{"href":"https:\/\/www.rgpeo.com\/fr\/wp-json\/wp\/v2\/pages"}],"about":[{"href":"https:\/\/www.rgpeo.com\/fr\/wp-json\/wp\/v2\/types\/page"}],"author":[{"embeddable":true,"href":"https:\/\/www.rgpeo.com\/fr\/wp-json\/wp\/v2\/users\/9"}],"replies":[{"embeddable":true,"href":"https:\/\/www.rgpeo.com\/fr\/wp-json\/wp\/v2\/comments?post=1012"}],"version-history":[{"count":5,"href":"https:\/\/www.rgpeo.com\/fr\/wp-json\/wp\/v2\/pages\/1012\/revisions"}],"predecessor-version":[{"id":3146,"href":"https:\/\/www.rgpeo.com\/fr\/wp-json\/wp\/v2\/pages\/1012\/revisions\/3146"}],"wp:attachment":[{"href":"https:\/\/www.rgpeo.com\/fr\/wp-json\/wp\/v2\/media?parent=1012"}],"curies":[{"name":"wp","href":"https:\/\/api.w.org\/{rel}","templated":true}]}}