{"id":3108,"date":"2025-08-21T15:16:21","date_gmt":"2025-08-21T15:16:21","guid":{"rendered":"https:\/\/www.rgpeo.com\/arreter-les-chutes\/"},"modified":"2025-08-27T18:51:56","modified_gmt":"2025-08-27T18:51:56","slug":"arreter-les-chutes","status":"publish","type":"page","link":"https:\/\/www.rgpeo.com\/fr\/public\/ressources\/arreter-les-chutes\/","title":{"rendered":"Arr\u00eater les chutes"},"content":{"rendered":"\t\t<div data-elementor-type=\"wp-page\" data-elementor-id=\"3108\" class=\"elementor elementor-3108 elementor-2587\" data-elementor-post-type=\"page\">\n\t\t\t\t<div class=\"elementor-element elementor-element-65a7672 e-con-full e-flex wpr-particle-no wpr-jarallax-no wpr-parallax-no wpr-sticky-section-no e-con e-parent\" data-id=\"65a7672\" data-element_type=\"container\">\n\t\t\t\t<div class=\"elementor-element elementor-element-be56e8a elementor-widget elementor-widget-shortcode\" data-id=\"be56e8a\" data-element_type=\"widget\" data-widget_type=\"shortcode.default\">\n\t\t\t\t<div class=\"elementor-widget-container\">\n\t\t\t\t\t\t\t<div class=\"elementor-shortcode\">\t\t<div data-elementor-type=\"page\" data-elementor-id=\"3367\" class=\"elementor elementor-3367 elementor-3364\" data-elementor-post-type=\"elementor_library\">\n\t\t\t\t<div class=\"elementor-element elementor-element-1c47d9e1 e-flex e-con-boxed wpr-particle-no wpr-jarallax-no wpr-parallax-no wpr-sticky-section-no e-con e-parent\" data-id=\"1c47d9e1\" data-element_type=\"container\" data-settings=\"{&quot;background_background&quot;:&quot;gradient&quot;}\">\n\t\t\t\t\t<div class=\"e-con-inner\">\n\t\t\t\t<div class=\"elementor-element elementor-element-c25c356 elementor-widget elementor-widget-heading\" data-id=\"c25c356\" data-element_type=\"widget\" data-widget_type=\"heading.default\">\n\t\t\t\t<div class=\"elementor-widget-container\">\n\t\t\t\t\t<h2 class=\"elementor-heading-title elementor-size-default\">Stop Falls - Bient\u00f4t disponible<\/h2>\t\t\t\t<\/div>\n\t\t\t\t<\/div>\n\t\t\t\t<div class=\"elementor-element elementor-element-1ffc0a33 elementor-widget elementor-widget-text-editor\" data-id=\"1ffc0a33\" data-element_type=\"widget\" data-widget_type=\"text-editor.default\">\n\t\t\t\t<div class=\"elementor-widget-container\">\n\t\t\t\t\t\t\t\t\t<p>Le Programme g\u00e9riatrique r\u00e9gional de l&rsquo;est de l&rsquo;Ontario (RGPEO) est un r\u00e9seau coordonn\u00e9 qui comprend une large gamme de services g\u00e9riatriques sp\u00e9cialis\u00e9s, de l&rsquo;h\u00f4pital au domicile. Il a \u00e9t\u00e9 cr\u00e9\u00e9 en 1985 en tant que premier r\u00e9seau de services de sant\u00e9 sp\u00e9cialis\u00e9s pour les personnes \u00e2g\u00e9es en Ontario.<\/p>\t\t\t\t\t\t\t\t<\/div>\n\t\t\t\t<\/div>\n\t\t\t\t\t<\/div>\n\t\t\t\t<\/div>\n\t\t<div class=\"elementor-element elementor-element-68648b81 e-flex e-con-boxed wpr-particle-no wpr-jarallax-no wpr-parallax-no wpr-sticky-section-no e-con e-parent\" data-id=\"68648b81\" data-element_type=\"container\">\n\t\t\t\t\t<div class=\"e-con-inner\">\n\t\t\t\t<div class=\"elementor-element elementor-element-621113a8 elementor-widget elementor-widget-text-editor\" data-id=\"621113a8\" data-element_type=\"widget\" data-widget_type=\"text-editor.default\">\n\t\t\t\t<div class=\"elementor-widget-container\">\n\t\t\t\t\t\t\t\t\t<p>Le contenu du programme Stop Falls sera bient\u00f4t disponible ici.<\/p>\t\t\t\t\t\t\t\t<\/div>\n\t\t\t\t<\/div>\n\t\t\t\t\t<\/div>\n\t\t\t\t<\/div>\n\t\t\t\t<\/div>\n\t\t<\/div>\n\t\t\t\t\t\t<\/div>\n\t\t\t\t<\/div>\n\t\t\t\t<\/div>\n\t\t\t\t<\/div>\n\t\t","protected":false},"excerpt":{"rendered":"","protected":false},"author":9,"featured_media":0,"parent":980,"menu_order":0,"comment_status":"closed","ping_status":"closed","template":"","meta":{"_acf_changed":false,"footnotes":""},"class_list":["post-3108","page","type-page","status-publish","hentry"],"acf":[],"yoast_head":"<!-- This site is optimized with the Yoast SEO plugin v26.8 - https:\/\/yoast.com\/product\/yoast-seo-wordpress\/ -->\n<title>Arr\u00eater les chutes - RGPEO: Regional Geriatric Program of Eastern Ontario<\/title>\n<meta name=\"robots\" content=\"index, follow, max-snippet:-1, max-image-preview:large, max-video-preview:-1\" \/>\n<link rel=\"canonical\" href=\"https:\/\/www.rgpeo.com\/fr\/public\/ressources\/arreter-les-chutes\/\" \/>\n<meta property=\"og:locale\" content=\"fr_FR\" \/>\n<meta property=\"og:type\" content=\"article\" \/>\n<meta property=\"og:title\" content=\"Arr\u00eater les chutes - RGPEO: Regional Geriatric Program of Eastern Ontario\" \/>\n<meta property=\"og:url\" content=\"https:\/\/www.rgpeo.com\/fr\/public\/ressources\/arreter-les-chutes\/\" \/>\n<meta property=\"og:site_name\" content=\"RGPEO: Regional Geriatric Program of Eastern Ontario\" \/>\n<meta property=\"article:modified_time\" content=\"2025-08-27T18:51:56+00:00\" \/>\n<meta name=\"twitter:card\" content=\"summary_large_image\" \/>\n<script type=\"application\/ld+json\" class=\"yoast-schema-graph\">{\"@context\":\"https:\/\/schema.org\",\"@graph\":[{\"@type\":\"WebPage\",\"@id\":\"https:\/\/www.rgpeo.com\/fr\/public\/ressources\/arreter-les-chutes\/\",\"url\":\"https:\/\/www.rgpeo.com\/fr\/public\/ressources\/arreter-les-chutes\/\",\"name\":\"Arr\u00eater les chutes - RGPEO: Regional Geriatric Program of Eastern Ontario\",\"isPartOf\":{\"@id\":\"https:\/\/www.rgpeo.com\/fr\/#website\"},\"datePublished\":\"2025-08-21T15:16:21+00:00\",\"dateModified\":\"2025-08-27T18:51:56+00:00\",\"breadcrumb\":{\"@id\":\"https:\/\/www.rgpeo.com\/fr\/public\/ressources\/arreter-les-chutes\/#breadcrumb\"},\"inLanguage\":\"fr-FR\",\"potentialAction\":[{\"@type\":\"ReadAction\",\"target\":[\"https:\/\/www.rgpeo.com\/fr\/public\/ressources\/arreter-les-chutes\/\"]}]},{\"@type\":\"BreadcrumbList\",\"@id\":\"https:\/\/www.rgpeo.com\/fr\/public\/ressources\/arreter-les-chutes\/#breadcrumb\",\"itemListElement\":[{\"@type\":\"ListItem\",\"position\":1,\"name\":\"Accueil\",\"item\":\"https:\/\/www.rgpeo.com\/fr\/accueil\/\"},{\"@type\":\"ListItem\",\"position\":2,\"name\":\"Public\",\"item\":\"https:\/\/www.rgpeo.com\/fr\/public\/\"},{\"@type\":\"ListItem\",\"position\":3,\"name\":\"Ressources\",\"item\":\"https:\/\/www.rgpeo.com\/fr\/public\/resources\/\"},{\"@type\":\"ListItem\",\"position\":4,\"name\":\"Arr\u00eater les chutes\"}]},{\"@type\":\"WebSite\",\"@id\":\"https:\/\/www.rgpeo.com\/fr\/#website\",\"url\":\"https:\/\/www.rgpeo.com\/fr\/\",\"name\":\"RGPEO: Regional Geriatric Program of Eastern Ontario\",\"description\":\"\",\"publisher\":{\"@id\":\"https:\/\/www.rgpeo.com\/fr\/#organization\"},\"potentialAction\":[{\"@type\":\"SearchAction\",\"target\":{\"@type\":\"EntryPoint\",\"urlTemplate\":\"https:\/\/www.rgpeo.com\/fr\/?s={search_term_string}\"},\"query-input\":{\"@type\":\"PropertyValueSpecification\",\"valueRequired\":true,\"valueName\":\"search_term_string\"}}],\"inLanguage\":\"fr-FR\"},{\"@type\":\"Organization\",\"@id\":\"https:\/\/www.rgpeo.com\/fr\/#organization\",\"name\":\"RGPEO: Regional Geriatric Program of Eastern Ontario\",\"url\":\"https:\/\/www.rgpeo.com\/fr\/\",\"logo\":{\"@type\":\"ImageObject\",\"inLanguage\":\"fr-FR\",\"@id\":\"https:\/\/www.rgpeo.com\/fr\/#\/schema\/logo\/image\/\",\"url\":\"https:\/\/www.rgpeo.com\/wp-content\/uploads\/2025\/04\/logo.png\",\"contentUrl\":\"https:\/\/www.rgpeo.com\/wp-content\/uploads\/2025\/04\/logo.png\",\"width\":232,\"height\":94,\"caption\":\"RGPEO: Regional Geriatric Program of Eastern Ontario\"},\"image\":{\"@id\":\"https:\/\/www.rgpeo.com\/fr\/#\/schema\/logo\/image\/\"}}]}<\/script>\n<!-- \/ Yoast SEO plugin. -->","yoast_head_json":{"title":"Arr\u00eater les chutes - RGPEO: Regional Geriatric Program of Eastern Ontario","robots":{"index":"index","follow":"follow","max-snippet":"max-snippet:-1","max-image-preview":"max-image-preview:large","max-video-preview":"max-video-preview:-1"},"canonical":"https:\/\/www.rgpeo.com\/fr\/public\/ressources\/arreter-les-chutes\/","og_locale":"fr_FR","og_type":"article","og_title":"Arr\u00eater les chutes - RGPEO: Regional Geriatric Program of Eastern Ontario","og_url":"https:\/\/www.rgpeo.com\/fr\/public\/ressources\/arreter-les-chutes\/","og_site_name":"RGPEO: Regional Geriatric Program of Eastern Ontario","article_modified_time":"2025-08-27T18:51:56+00:00","twitter_card":"summary_large_image","schema":{"@context":"https:\/\/schema.org","@graph":[{"@type":"WebPage","@id":"https:\/\/www.rgpeo.com\/fr\/public\/ressources\/arreter-les-chutes\/","url":"https:\/\/www.rgpeo.com\/fr\/public\/ressources\/arreter-les-chutes\/","name":"Arr\u00eater les chutes - RGPEO: Regional Geriatric Program of Eastern Ontario","isPartOf":{"@id":"https:\/\/www.rgpeo.com\/fr\/#website"},"datePublished":"2025-08-21T15:16:21+00:00","dateModified":"2025-08-27T18:51:56+00:00","breadcrumb":{"@id":"https:\/\/www.rgpeo.com\/fr\/public\/ressources\/arreter-les-chutes\/#breadcrumb"},"inLanguage":"fr-FR","potentialAction":[{"@type":"ReadAction","target":["https:\/\/www.rgpeo.com\/fr\/public\/ressources\/arreter-les-chutes\/"]}]},{"@type":"BreadcrumbList","@id":"https:\/\/www.rgpeo.com\/fr\/public\/ressources\/arreter-les-chutes\/#breadcrumb","itemListElement":[{"@type":"ListItem","position":1,"name":"Accueil","item":"https:\/\/www.rgpeo.com\/fr\/accueil\/"},{"@type":"ListItem","position":2,"name":"Public","item":"https:\/\/www.rgpeo.com\/fr\/public\/"},{"@type":"ListItem","position":3,"name":"Ressources","item":"https:\/\/www.rgpeo.com\/fr\/public\/resources\/"},{"@type":"ListItem","position":4,"name":"Arr\u00eater les chutes"}]},{"@type":"WebSite","@id":"https:\/\/www.rgpeo.com\/fr\/#website","url":"https:\/\/www.rgpeo.com\/fr\/","name":"RGPEO: Regional Geriatric Program of Eastern Ontario","description":"","publisher":{"@id":"https:\/\/www.rgpeo.com\/fr\/#organization"},"potentialAction":[{"@type":"SearchAction","target":{"@type":"EntryPoint","urlTemplate":"https:\/\/www.rgpeo.com\/fr\/?s={search_term_string}"},"query-input":{"@type":"PropertyValueSpecification","valueRequired":true,"valueName":"search_term_string"}}],"inLanguage":"fr-FR"},{"@type":"Organization","@id":"https:\/\/www.rgpeo.com\/fr\/#organization","name":"RGPEO: Regional Geriatric Program of Eastern Ontario","url":"https:\/\/www.rgpeo.com\/fr\/","logo":{"@type":"ImageObject","inLanguage":"fr-FR","@id":"https:\/\/www.rgpeo.com\/fr\/#\/schema\/logo\/image\/","url":"https:\/\/www.rgpeo.com\/wp-content\/uploads\/2025\/04\/logo.png","contentUrl":"https:\/\/www.rgpeo.com\/wp-content\/uploads\/2025\/04\/logo.png","width":232,"height":94,"caption":"RGPEO: Regional Geriatric Program of Eastern Ontario"},"image":{"@id":"https:\/\/www.rgpeo.com\/fr\/#\/schema\/logo\/image\/"}}]}},"_links":{"self":[{"href":"https:\/\/www.rgpeo.com\/fr\/wp-json\/wp\/v2\/pages\/3108","targetHints":{"allow":["GET"]}}],"collection":[{"href":"https:\/\/www.rgpeo.com\/fr\/wp-json\/wp\/v2\/pages"}],"about":[{"href":"https:\/\/www.rgpeo.com\/fr\/wp-json\/wp\/v2\/types\/page"}],"author":[{"embeddable":true,"href":"https:\/\/www.rgpeo.com\/fr\/wp-json\/wp\/v2\/users\/9"}],"replies":[{"embeddable":true,"href":"https:\/\/www.rgpeo.com\/fr\/wp-json\/wp\/v2\/comments?post=3108"}],"version-history":[{"count":3,"href":"https:\/\/www.rgpeo.com\/fr\/wp-json\/wp\/v2\/pages\/3108\/revisions"}],"predecessor-version":[{"id":3442,"href":"https:\/\/www.rgpeo.com\/fr\/wp-json\/wp\/v2\/pages\/3108\/revisions\/3442"}],"up":[{"embeddable":true,"href":"https:\/\/www.rgpeo.com\/fr\/wp-json\/wp\/v2\/pages\/980"}],"wp:attachment":[{"href":"https:\/\/www.rgpeo.com\/fr\/wp-json\/wp\/v2\/media?parent=3108"}],"curies":[{"name":"wp","href":"https:\/\/api.w.org\/{rel}","templated":true}]}}