{"id":3118,"date":"2025-07-21T20:44:53","date_gmt":"2025-07-21T20:44:53","guid":{"rendered":"https:\/\/www.rgpeo.com\/portail-des-participants-a-la-serie-denseignement-geriatrique\/"},"modified":"2025-09-09T20:24:07","modified_gmt":"2025-09-09T20:24:07","slug":"portail-des-participants-a-la-serie-denseignement-geriatrique","status":"publish","type":"page","link":"https:\/\/www.rgpeo.com\/fr\/connexion-des-membres\/espace-membres\/portail-des-participants-a-la-serie-denseignement-geriatrique\/","title":{"rendered":"Portail des participants \u00e0 la s\u00e9rie d&rsquo;enseignement g\u00e9riatrique"},"content":{"rendered":"\t\t<div data-elementor-type=\"wp-page\" data-elementor-id=\"3118\" class=\"elementor elementor-3118 elementor-1876\" data-elementor-post-type=\"page\">\n\t\t\t\t<div class=\"elementor-element elementor-element-2000f1d4 e-flex e-con-boxed wpr-particle-no wpr-jarallax-no wpr-parallax-no wpr-sticky-section-no e-con e-parent\" data-id=\"2000f1d4\" data-element_type=\"container\" data-settings=\"{&quot;background_background&quot;:&quot;gradient&quot;}\">\n\t\t\t\t\t<div class=\"e-con-inner\">\n\t\t\t\t<div class=\"elementor-element elementor-element-2c025e6f elementor-widget elementor-widget-heading\" data-id=\"2c025e6f\" data-element_type=\"widget\" data-widget_type=\"heading.default\">\n\t\t\t\t<div class=\"elementor-widget-container\">\n\t\t\t\t\t<h2 class=\"elementor-heading-title elementor-size-default\">Portail des participants \u00e0 la s\u00e9rie de formation en g\u00e9riatrie<\/h2>\t\t\t\t<\/div>\n\t\t\t\t<\/div>\n\t\t\t\t<div class=\"elementor-element elementor-element-7cc7a4af elementor-widget elementor-widget-text-editor\" data-id=\"7cc7a4af\" data-element_type=\"widget\" data-widget_type=\"text-editor.default\">\n\t\t\t\t<div class=\"elementor-widget-container\">\n\t\t\t\t\t\t\t\t\tBienvenue \u00e0 la s\u00e9rie de formation en g\u00e9riatrie. Vous trouverez ci-dessous toutes les ressources dont vous aurez besoin pendant ces deux jours. Si vous avez des questions, n&rsquo;h\u00e9sitez pas \u00e0 contacter <a style=\"color: white;\" class=\"cursor-init\" href=\"mailto:sahaque@toh.ca\">sahaque@toh.ca.<\/a> \t\t\t\t\t\t\t\t<\/div>\n\t\t\t\t<\/div>\n\t\t\t\t\t<\/div>\n\t\t\t\t<\/div>\n\t\t<div class=\"elementor-element elementor-element-328bf38 e-flex e-con-boxed wpr-particle-no wpr-jarallax-no wpr-parallax-no wpr-sticky-section-no e-con e-parent\" data-id=\"328bf38\" data-element_type=\"container\">\n\t\t\t\t\t<div class=\"e-con-inner\">\n\t\t\t\t<div class=\"elementor-element elementor-element-717a0aa elementor-widget elementor-widget-heading\" data-id=\"717a0aa\" data-element_type=\"widget\" data-widget_type=\"heading.default\">\n\t\t\t\t<div class=\"elementor-widget-container\">\n\t\t\t\t\t<h2 class=\"elementor-heading-title elementor-size-default\">S\u00e9rie sur l'\u00e9ducation g\u00e9riatrique Jour 1<\/h2>\t\t\t\t<\/div>\n\t\t\t\t<\/div>\n\t\t\t\t\t<\/div>\n\t\t\t\t<\/div>\n\t\t<div class=\"elementor-element elementor-element-095056a e-flex e-con-boxed wpr-particle-no wpr-jarallax-no wpr-parallax-no wpr-sticky-section-no e-con e-parent\" data-id=\"095056a\" data-element_type=\"container\">\n\t\t\t\t\t<div class=\"e-con-inner\">\n\t\t\t\t<div class=\"elementor-element elementor-element-b59ab7e elementor-widget elementor-widget-heading\" data-id=\"b59ab7e\" data-element_type=\"widget\" data-widget_type=\"heading.default\">\n\t\t\t\t<div class=\"elementor-widget-container\">\n\t\t\t\t\t<h3 class=\"elementor-heading-title elementor-size-default\">Introduction \u00e0 la fragilit\u00e9<\/h3>\t\t\t\t<\/div>\n\t\t\t\t<\/div>\n\t\t\t\t<div class=\"elementor-element elementor-element-a4ec2de elementor-widget elementor-widget-shortcode\" data-id=\"a4ec2de\" data-element_type=\"widget\" data-widget_type=\"shortcode.default\">\n\t\t\t\t<div class=\"elementor-widget-container\">\n\t\t\t\t\t\t\t<div class=\"elementor-shortcode\"><\/div>\n\t\t\t\t\t\t<\/div>\n\t\t\t\t<\/div>\n\t\t\t\t<div class=\"elementor-element elementor-element-f5cf512 elementor-widget elementor-widget-heading\" data-id=\"f5cf512\" data-element_type=\"widget\" data-widget_type=\"heading.default\">\n\t\t\t\t<div class=\"elementor-widget-container\">\n\t\t\t\t\t<h3 class=\"elementor-heading-title elementor-size-default\">D\u00e9mence<\/h3>\t\t\t\t<\/div>\n\t\t\t\t<\/div>\n\t\t\t\t<div class=\"elementor-element elementor-element-416dcc8 elementor-widget elementor-widget-shortcode\" data-id=\"416dcc8\" data-element_type=\"widget\" data-widget_type=\"shortcode.default\">\n\t\t\t\t<div class=\"elementor-widget-container\">\n\t\t\t\t\t\t\t<div class=\"elementor-shortcode\"><\/div>\n\t\t\t\t\t\t<\/div>\n\t\t\t\t<\/div>\n\t\t\t\t<div class=\"elementor-element elementor-element-5027c49 elementor-widget elementor-widget-heading\" data-id=\"5027c49\" data-element_type=\"widget\" data-widget_type=\"heading.default\">\n\t\t\t\t<div class=\"elementor-widget-container\">\n\t\t\t\t\t<h3 class=\"elementor-heading-title elementor-size-default\">D\u00e9lire<\/h3>\t\t\t\t<\/div>\n\t\t\t\t<\/div>\n\t\t\t\t<div class=\"elementor-element elementor-element-52c350d elementor-widget elementor-widget-shortcode\" data-id=\"52c350d\" data-element_type=\"widget\" data-widget_type=\"shortcode.default\">\n\t\t\t\t<div class=\"elementor-widget-container\">\n\t\t\t\t\t\t\t<div class=\"elementor-shortcode\"><\/div>\n\t\t\t\t\t\t<\/div>\n\t\t\t\t<\/div>\n\t\t\t\t<div class=\"elementor-element elementor-element-f3f7d9b elementor-widget elementor-widget-heading\" data-id=\"f3f7d9b\" data-element_type=\"widget\" data-widget_type=\"heading.default\">\n\t\t\t\t<div class=\"elementor-widget-container\">\n\t\t\t\t\t<h3 class=\"elementor-heading-title elementor-size-default\">D\u00e9pression<\/h3>\t\t\t\t<\/div>\n\t\t\t\t<\/div>\n\t\t\t\t<div class=\"elementor-element elementor-element-193debf elementor-widget elementor-widget-shortcode\" data-id=\"193debf\" data-element_type=\"widget\" data-widget_type=\"shortcode.default\">\n\t\t\t\t<div class=\"elementor-widget-container\">\n\t\t\t\t\t\t\t<div class=\"elementor-shortcode\"><\/div>\n\t\t\t\t\t\t<\/div>\n\t\t\t\t<\/div>\n\t\t\t\t<div class=\"elementor-element elementor-element-c811351 elementor-widget elementor-widget-heading\" data-id=\"c811351\" data-element_type=\"widget\" data-widget_type=\"heading.default\">\n\t\t\t\t<div class=\"elementor-widget-container\">\n\t\t\t\t\t<h3 class=\"elementor-heading-title elementor-size-default\">Ressources<\/h3>\t\t\t\t<\/div>\n\t\t\t\t<\/div>\n\t\t\t\t<div class=\"elementor-element elementor-element-1e317f2 elementor-widget elementor-widget-shortcode\" data-id=\"1e317f2\" data-element_type=\"widget\" data-widget_type=\"shortcode.default\">\n\t\t\t\t<div class=\"elementor-widget-container\">\n\t\t\t\t\t\t\t<div class=\"elementor-shortcode\"><\/div>\n\t\t\t\t\t\t<\/div>\n\t\t\t\t<\/div>\n\t\t\t\t<div class=\"elementor-element elementor-element-4697a73 elementor-widget elementor-widget-heading\" data-id=\"4697a73\" data-element_type=\"widget\" data-widget_type=\"heading.default\">\n\t\t\t\t<div class=\"elementor-widget-container\">\n\t\t\t\t\t<h2 class=\"elementor-heading-title elementor-size-default\">S\u00e9rie d'\u00e9ducation g\u00e9riatrique Jour 2<\/h2>\t\t\t\t<\/div>\n\t\t\t\t<\/div>\n\t\t\t\t<div class=\"elementor-element elementor-element-3b3691e elementor-widget elementor-widget-heading\" data-id=\"3b3691e\" data-element_type=\"widget\" data-widget_type=\"heading.default\">\n\t\t\t\t<div class=\"elementor-widget-container\">\n\t\t\t\t\t<h3 class=\"elementor-heading-title elementor-size-default\">Chutes et mobilit\u00e9<\/h3>\t\t\t\t<\/div>\n\t\t\t\t<\/div>\n\t\t\t\t<div class=\"elementor-element elementor-element-7fa47b3 elementor-widget elementor-widget-shortcode\" data-id=\"7fa47b3\" data-element_type=\"widget\" data-widget_type=\"shortcode.default\">\n\t\t\t\t<div class=\"elementor-widget-container\">\n\t\t\t\t\t\t\t<div class=\"elementor-shortcode\"><\/div>\n\t\t\t\t\t\t<\/div>\n\t\t\t\t<\/div>\n\t\t\t\t<div class=\"elementor-element elementor-element-93508d6 elementor-widget elementor-widget-heading\" data-id=\"93508d6\" data-element_type=\"widget\" data-widget_type=\"heading.default\">\n\t\t\t\t<div class=\"elementor-widget-container\">\n\t\t\t\t\t<h3 class=\"elementor-heading-title elementor-size-default\">Capacit\u00e9<\/h3>\t\t\t\t<\/div>\n\t\t\t\t<\/div>\n\t\t\t\t<div class=\"elementor-element elementor-element-7b2bc0e elementor-widget elementor-widget-shortcode\" data-id=\"7b2bc0e\" data-element_type=\"widget\" data-widget_type=\"shortcode.default\">\n\t\t\t\t<div class=\"elementor-widget-container\">\n\t\t\t\t\t\t\t<div class=\"elementor-shortcode\"><\/div>\n\t\t\t\t\t\t<\/div>\n\t\t\t\t<\/div>\n\t\t\t\t<div class=\"elementor-element elementor-element-4b394bc elementor-widget elementor-widget-heading\" data-id=\"4b394bc\" data-element_type=\"widget\" data-widget_type=\"heading.default\">\n\t\t\t\t<div class=\"elementor-widget-container\">\n\t\t\t\t\t<h3 class=\"elementor-heading-title elementor-size-default\">Risque<\/h3>\t\t\t\t<\/div>\n\t\t\t\t<\/div>\n\t\t\t\t<div class=\"elementor-element elementor-element-c37b805 elementor-widget elementor-widget-shortcode\" data-id=\"c37b805\" data-element_type=\"widget\" data-widget_type=\"shortcode.default\">\n\t\t\t\t<div class=\"elementor-widget-container\">\n\t\t\t\t\t\t\t<div class=\"elementor-shortcode\"><\/div>\n\t\t\t\t\t\t<\/div>\n\t\t\t\t<\/div>\n\t\t\t\t\t<\/div>\n\t\t\t\t<\/div>\n\t\t\t\t<\/div>\n\t\t","protected":false},"excerpt":{"rendered":"<p>Portail des participants \u00e0 la s\u00e9rie de formation en g\u00e9riatrie Bienvenue \u00e0 la s\u00e9rie de formation en g\u00e9riatrie. Vous trouverez ci-dessous toutes les ressources dont vous aurez besoin pendant ces deux jours. Si vous avez des questions, n&rsquo;h\u00e9sitez pas \u00e0 contacter sahaque@toh.ca. S\u00e9rie sur l&rsquo;\u00e9ducation g\u00e9riatrique Jour 1 Introduction \u00e0 la fragilit\u00e9 D\u00e9mence D\u00e9lire D\u00e9pression Ressources S\u00e9rie d&rsquo;\u00e9ducation g\u00e9riatrique Jour 2 Chutes et mobilit\u00e9 Capacit\u00e9 Risque<\/p>\n","protected":false},"author":9,"featured_media":0,"parent":3125,"menu_order":0,"comment_status":"closed","ping_status":"closed","template":"","meta":{"_acf_changed":false,"footnotes":""},"class_list":["post-3118","page","type-page","status-publish","hentry"],"acf":[],"yoast_head":"<!-- This site is optimized with the Yoast SEO plugin v26.8 - https:\/\/yoast.com\/product\/yoast-seo-wordpress\/ -->\n<title>Portail des participants \u00e0 la s\u00e9rie d&#039;enseignement g\u00e9riatrique - RGPEO: Regional Geriatric Program of Eastern Ontario<\/title>\n<meta name=\"robots\" content=\"index, follow, max-snippet:-1, max-image-preview:large, max-video-preview:-1\" \/>\n<link rel=\"canonical\" href=\"https:\/\/www.rgpeo.com\/fr\/connexion-des-membres\/espace-membres\/portail-des-participants-a-la-serie-denseignement-geriatrique\/\" \/>\n<meta property=\"og:locale\" content=\"fr_FR\" \/>\n<meta property=\"og:type\" content=\"article\" \/>\n<meta property=\"og:title\" content=\"Portail des participants \u00e0 la s\u00e9rie d&#039;enseignement g\u00e9riatrique - RGPEO: Regional Geriatric Program of Eastern Ontario\" \/>\n<meta property=\"og:description\" content=\"Portail des participants \u00e0 la s\u00e9rie de formation en g\u00e9riatrie Bienvenue \u00e0 la s\u00e9rie de formation en g\u00e9riatrie. Vous trouverez ci-dessous toutes les ressources dont vous aurez besoin pendant ces deux jours. Si vous avez des questions, n&rsquo;h\u00e9sitez pas \u00e0 contacter sahaque@toh.ca. S\u00e9rie sur l&rsquo;\u00e9ducation g\u00e9riatrique Jour 1 Introduction \u00e0 la fragilit\u00e9 D\u00e9mence D\u00e9lire D\u00e9pression Ressources S\u00e9rie d&rsquo;\u00e9ducation g\u00e9riatrique Jour 2 Chutes et mobilit\u00e9 Capacit\u00e9 Risque\" \/>\n<meta property=\"og:url\" content=\"https:\/\/www.rgpeo.com\/fr\/connexion-des-membres\/espace-membres\/portail-des-participants-a-la-serie-denseignement-geriatrique\/\" \/>\n<meta property=\"og:site_name\" content=\"RGPEO: Regional Geriatric Program of Eastern Ontario\" \/>\n<meta property=\"article:modified_time\" content=\"2025-09-09T20:24:07+00:00\" \/>\n<meta name=\"twitter:card\" content=\"summary_large_image\" \/>\n<meta name=\"twitter:label1\" content=\"Dur\u00e9e de lecture estim\u00e9e\" \/>\n\t<meta name=\"twitter:data1\" content=\"1 minute\" \/>\n<script type=\"application\/ld+json\" class=\"yoast-schema-graph\">{\"@context\":\"https:\/\/schema.org\",\"@graph\":[{\"@type\":\"WebPage\",\"@id\":\"https:\/\/www.rgpeo.com\/fr\/connexion-des-membres\/espace-membres\/portail-des-participants-a-la-serie-denseignement-geriatrique\/\",\"url\":\"https:\/\/www.rgpeo.com\/fr\/connexion-des-membres\/espace-membres\/portail-des-participants-a-la-serie-denseignement-geriatrique\/\",\"name\":\"Portail des participants \u00e0 la s\u00e9rie d'enseignement g\u00e9riatrique - RGPEO: Regional Geriatric Program of Eastern Ontario\",\"isPartOf\":{\"@id\":\"https:\/\/www.rgpeo.com\/fr\/#website\"},\"datePublished\":\"2025-07-21T20:44:53+00:00\",\"dateModified\":\"2025-09-09T20:24:07+00:00\",\"breadcrumb\":{\"@id\":\"https:\/\/www.rgpeo.com\/fr\/connexion-des-membres\/espace-membres\/portail-des-participants-a-la-serie-denseignement-geriatrique\/#breadcrumb\"},\"inLanguage\":\"fr-FR\",\"potentialAction\":[{\"@type\":\"ReadAction\",\"target\":[\"https:\/\/www.rgpeo.com\/fr\/connexion-des-membres\/espace-membres\/portail-des-participants-a-la-serie-denseignement-geriatrique\/\"]}]},{\"@type\":\"BreadcrumbList\",\"@id\":\"https:\/\/www.rgpeo.com\/fr\/connexion-des-membres\/espace-membres\/portail-des-participants-a-la-serie-denseignement-geriatrique\/#breadcrumb\",\"itemListElement\":[{\"@type\":\"ListItem\",\"position\":1,\"name\":\"Accueil\",\"item\":\"https:\/\/www.rgpeo.com\/fr\/accueil\/\"},{\"@type\":\"ListItem\",\"position\":2,\"name\":\"Connexion des membres\",\"item\":\"https:\/\/www.rgpeo.com\/fr\/connexion-des-membres\/\"},{\"@type\":\"ListItem\",\"position\":3,\"name\":\"Espace membres\",\"item\":\"https:\/\/www.rgpeo.com\/fr\/member-login\/member-area\/\"},{\"@type\":\"ListItem\",\"position\":4,\"name\":\"Portail des participants \u00e0 la s\u00e9rie d&#8217;enseignement g\u00e9riatrique\"}]},{\"@type\":\"WebSite\",\"@id\":\"https:\/\/www.rgpeo.com\/fr\/#website\",\"url\":\"https:\/\/www.rgpeo.com\/fr\/\",\"name\":\"RGPEO: Regional Geriatric Program of Eastern Ontario\",\"description\":\"\",\"publisher\":{\"@id\":\"https:\/\/www.rgpeo.com\/fr\/#organization\"},\"potentialAction\":[{\"@type\":\"SearchAction\",\"target\":{\"@type\":\"EntryPoint\",\"urlTemplate\":\"https:\/\/www.rgpeo.com\/fr\/?s={search_term_string}\"},\"query-input\":{\"@type\":\"PropertyValueSpecification\",\"valueRequired\":true,\"valueName\":\"search_term_string\"}}],\"inLanguage\":\"fr-FR\"},{\"@type\":\"Organization\",\"@id\":\"https:\/\/www.rgpeo.com\/fr\/#organization\",\"name\":\"RGPEO: Regional Geriatric Program of Eastern Ontario\",\"url\":\"https:\/\/www.rgpeo.com\/fr\/\",\"logo\":{\"@type\":\"ImageObject\",\"inLanguage\":\"fr-FR\",\"@id\":\"https:\/\/www.rgpeo.com\/fr\/#\/schema\/logo\/image\/\",\"url\":\"https:\/\/www.rgpeo.com\/wp-content\/uploads\/2025\/04\/logo.png\",\"contentUrl\":\"https:\/\/www.rgpeo.com\/wp-content\/uploads\/2025\/04\/logo.png\",\"width\":232,\"height\":94,\"caption\":\"RGPEO: Regional Geriatric Program of Eastern Ontario\"},\"image\":{\"@id\":\"https:\/\/www.rgpeo.com\/fr\/#\/schema\/logo\/image\/\"}}]}<\/script>\n<!-- \/ Yoast SEO plugin. -->","yoast_head_json":{"title":"Portail des participants \u00e0 la s\u00e9rie d'enseignement g\u00e9riatrique - RGPEO: Regional Geriatric Program of Eastern Ontario","robots":{"index":"index","follow":"follow","max-snippet":"max-snippet:-1","max-image-preview":"max-image-preview:large","max-video-preview":"max-video-preview:-1"},"canonical":"https:\/\/www.rgpeo.com\/fr\/connexion-des-membres\/espace-membres\/portail-des-participants-a-la-serie-denseignement-geriatrique\/","og_locale":"fr_FR","og_type":"article","og_title":"Portail des participants \u00e0 la s\u00e9rie d'enseignement g\u00e9riatrique - RGPEO: Regional Geriatric Program of Eastern Ontario","og_description":"Portail des participants \u00e0 la s\u00e9rie de formation en g\u00e9riatrie Bienvenue \u00e0 la s\u00e9rie de formation en g\u00e9riatrie. Vous trouverez ci-dessous toutes les ressources dont vous aurez besoin pendant ces deux jours. Si vous avez des questions, n&rsquo;h\u00e9sitez pas \u00e0 contacter sahaque@toh.ca. S\u00e9rie sur l&rsquo;\u00e9ducation g\u00e9riatrique Jour 1 Introduction \u00e0 la fragilit\u00e9 D\u00e9mence D\u00e9lire D\u00e9pression Ressources S\u00e9rie d&rsquo;\u00e9ducation g\u00e9riatrique Jour 2 Chutes et mobilit\u00e9 Capacit\u00e9 Risque","og_url":"https:\/\/www.rgpeo.com\/fr\/connexion-des-membres\/espace-membres\/portail-des-participants-a-la-serie-denseignement-geriatrique\/","og_site_name":"RGPEO: Regional Geriatric Program of Eastern Ontario","article_modified_time":"2025-09-09T20:24:07+00:00","twitter_card":"summary_large_image","twitter_misc":{"Dur\u00e9e de lecture estim\u00e9e":"1 minute"},"schema":{"@context":"https:\/\/schema.org","@graph":[{"@type":"WebPage","@id":"https:\/\/www.rgpeo.com\/fr\/connexion-des-membres\/espace-membres\/portail-des-participants-a-la-serie-denseignement-geriatrique\/","url":"https:\/\/www.rgpeo.com\/fr\/connexion-des-membres\/espace-membres\/portail-des-participants-a-la-serie-denseignement-geriatrique\/","name":"Portail des participants \u00e0 la s\u00e9rie d'enseignement g\u00e9riatrique - RGPEO: Regional Geriatric Program of Eastern Ontario","isPartOf":{"@id":"https:\/\/www.rgpeo.com\/fr\/#website"},"datePublished":"2025-07-21T20:44:53+00:00","dateModified":"2025-09-09T20:24:07+00:00","breadcrumb":{"@id":"https:\/\/www.rgpeo.com\/fr\/connexion-des-membres\/espace-membres\/portail-des-participants-a-la-serie-denseignement-geriatrique\/#breadcrumb"},"inLanguage":"fr-FR","potentialAction":[{"@type":"ReadAction","target":["https:\/\/www.rgpeo.com\/fr\/connexion-des-membres\/espace-membres\/portail-des-participants-a-la-serie-denseignement-geriatrique\/"]}]},{"@type":"BreadcrumbList","@id":"https:\/\/www.rgpeo.com\/fr\/connexion-des-membres\/espace-membres\/portail-des-participants-a-la-serie-denseignement-geriatrique\/#breadcrumb","itemListElement":[{"@type":"ListItem","position":1,"name":"Accueil","item":"https:\/\/www.rgpeo.com\/fr\/accueil\/"},{"@type":"ListItem","position":2,"name":"Connexion des membres","item":"https:\/\/www.rgpeo.com\/fr\/connexion-des-membres\/"},{"@type":"ListItem","position":3,"name":"Espace membres","item":"https:\/\/www.rgpeo.com\/fr\/member-login\/member-area\/"},{"@type":"ListItem","position":4,"name":"Portail des participants \u00e0 la s\u00e9rie d&#8217;enseignement g\u00e9riatrique"}]},{"@type":"WebSite","@id":"https:\/\/www.rgpeo.com\/fr\/#website","url":"https:\/\/www.rgpeo.com\/fr\/","name":"RGPEO: Regional Geriatric Program of Eastern Ontario","description":"","publisher":{"@id":"https:\/\/www.rgpeo.com\/fr\/#organization"},"potentialAction":[{"@type":"SearchAction","target":{"@type":"EntryPoint","urlTemplate":"https:\/\/www.rgpeo.com\/fr\/?s={search_term_string}"},"query-input":{"@type":"PropertyValueSpecification","valueRequired":true,"valueName":"search_term_string"}}],"inLanguage":"fr-FR"},{"@type":"Organization","@id":"https:\/\/www.rgpeo.com\/fr\/#organization","name":"RGPEO: Regional Geriatric Program of Eastern Ontario","url":"https:\/\/www.rgpeo.com\/fr\/","logo":{"@type":"ImageObject","inLanguage":"fr-FR","@id":"https:\/\/www.rgpeo.com\/fr\/#\/schema\/logo\/image\/","url":"https:\/\/www.rgpeo.com\/wp-content\/uploads\/2025\/04\/logo.png","contentUrl":"https:\/\/www.rgpeo.com\/wp-content\/uploads\/2025\/04\/logo.png","width":232,"height":94,"caption":"RGPEO: Regional Geriatric Program of Eastern Ontario"},"image":{"@id":"https:\/\/www.rgpeo.com\/fr\/#\/schema\/logo\/image\/"}}]}},"_links":{"self":[{"href":"https:\/\/www.rgpeo.com\/fr\/wp-json\/wp\/v2\/pages\/3118","targetHints":{"allow":["GET"]}}],"collection":[{"href":"https:\/\/www.rgpeo.com\/fr\/wp-json\/wp\/v2\/pages"}],"about":[{"href":"https:\/\/www.rgpeo.com\/fr\/wp-json\/wp\/v2\/types\/page"}],"author":[{"embeddable":true,"href":"https:\/\/www.rgpeo.com\/fr\/wp-json\/wp\/v2\/users\/9"}],"replies":[{"embeddable":true,"href":"https:\/\/www.rgpeo.com\/fr\/wp-json\/wp\/v2\/comments?post=3118"}],"version-history":[{"count":4,"href":"https:\/\/www.rgpeo.com\/fr\/wp-json\/wp\/v2\/pages\/3118\/revisions"}],"predecessor-version":[{"id":3759,"href":"https:\/\/www.rgpeo.com\/fr\/wp-json\/wp\/v2\/pages\/3118\/revisions\/3759"}],"up":[{"embeddable":true,"href":"https:\/\/www.rgpeo.com\/fr\/wp-json\/wp\/v2\/pages\/3125"}],"wp:attachment":[{"href":"https:\/\/www.rgpeo.com\/fr\/wp-json\/wp\/v2\/media?parent=3118"}],"curies":[{"name":"wp","href":"https:\/\/api.w.org\/{rel}","templated":true}]}}