{"id":3132,"date":"2025-07-15T20:56:34","date_gmt":"2025-07-15T20:56:34","guid":{"rendered":"https:\/\/www.rgpeo.com\/education-et-evenements\/rondes-geriatriques-rgpeo\/"},"modified":"2025-10-01T20:43:43","modified_gmt":"2025-10-01T20:43:43","slug":"rondes-geriatriques-rgpeo","status":"publish","type":"page","link":"https:\/\/www.rgpeo.com\/fr\/education-et-evenements\/rondes-geriatriques-rgpeo\/","title":{"rendered":"Rondes g\u00e9riatriques RGPEO"},"content":{"rendered":"\t\t<div data-elementor-type=\"wp-page\" data-elementor-id=\"3132\" class=\"elementor elementor-3132 elementor-1462\" data-elementor-post-type=\"page\">\n\t\t\t\t<div class=\"elementor-element elementor-element-d3931e6 e-flex e-con-boxed wpr-particle-no wpr-jarallax-no wpr-parallax-no wpr-sticky-section-no e-con e-parent\" data-id=\"d3931e6\" data-element_type=\"container\" data-settings=\"{&quot;background_background&quot;:&quot;gradient&quot;}\">\n\t\t\t\t\t<div class=\"e-con-inner\">\n\t\t\t\t<div class=\"elementor-element elementor-element-9410320 elementor-widget elementor-widget-heading\" data-id=\"9410320\" data-element_type=\"widget\" data-widget_type=\"heading.default\">\n\t\t\t\t<div class=\"elementor-widget-container\">\n\t\t\t\t\t<h2 class=\"elementor-heading-title elementor-size-default\">Rondes g\u00e9riatriques RGPEO<\/h2>\t\t\t\t<\/div>\n\t\t\t\t<\/div>\n\t\t\t\t<div class=\"elementor-element elementor-element-c45beaa elementor-widget elementor-widget-text-editor\" data-id=\"c45beaa\" data-element_type=\"widget\" data-widget_type=\"text-editor.default\">\n\t\t\t\t<div class=\"elementor-widget-container\">\n\t\t\t\t\t\t\t\t\t<p><strong>Le RGPEO s&rsquo;engage \u00e0 am\u00e9liorer les soins g\u00e9riatriques par l&rsquo;\u00e9ducation, la collaboration et l&rsquo;innovation.<\/strong><\/p><p>Les visites r\u00e9gionales offrent aux professionnels de la sant\u00e9 travaillant avec des personnes \u00e2g\u00e9es &#8211; m\u00e9decins, infirmi\u00e8res, prestataires de soins primaires, professionnels param\u00e9dicaux et autres &#8211; des mises \u00e0 jour sur les meilleures pratiques, les initiatives et les derni\u00e8res d\u00e9couvertes. Ces sessions, qui se d\u00e9roulent \u00e0 l&rsquo;amphith\u00e9\u00e2tre du campus civique de l&rsquo;H\u00f4pital d&rsquo;Ottawa et sont \u00e9galement diffus\u00e9es virtuellement dans toute la r\u00e9gion, comprennent une pr\u00e9sentation de 45 minutes suivie d&rsquo;une s\u00e9ance de questions-r\u00e9ponses de 15 minutes.<\/p><p> <\/p><p><i>Les s\u00e9ances r\u00e9gionales de g\u00e9riatrie ont lieu tous les mois dans l&rsquo;amphith\u00e9\u00e2tre de l&rsquo;H\u00f4pital d&rsquo;Ottawa, Campus Civic, 1053, avenue Carling, de 12 h \u00e0 13 h, sauf indication contraire. Ils sont d\u00e9sormais propos\u00e9s dans un format hybride, permettant aux participants d&rsquo;y assister en personne ou virtuellement via Teams. Toutes les personnes int\u00e9ress\u00e9es par les soins aux personnes \u00e2g\u00e9es sont invit\u00e9es \u00e0 y participer.<\/i><\/p>\t\t\t\t\t\t\t\t<\/div>\n\t\t\t\t<\/div>\n\t\t\t\t\t<\/div>\n\t\t\t\t<\/div>\n\t\t<div class=\"elementor-element elementor-element-4f00086 e-flex e-con-boxed wpr-particle-no wpr-jarallax-no wpr-parallax-no wpr-sticky-section-no e-con e-parent\" data-id=\"4f00086\" data-element_type=\"container\">\n\t\t\t\t\t<div class=\"e-con-inner\">\n\t\t\t\t<div class=\"elementor-element elementor-element-6d7774c elementor-grid-1 elementor-grid-tablet-1 elementor-grid-mobile-1 elementor-widget elementor-widget-loop-grid\" data-id=\"6d7774c\" data-element_type=\"widget\" data-settings=\"{&quot;template_id&quot;:3923,&quot;columns&quot;:1,&quot;columns_tablet&quot;:1,&quot;_skin&quot;:&quot;post&quot;,&quot;columns_mobile&quot;:&quot;1&quot;,&quot;edit_handle_selector&quot;:&quot;[data-elementor-type=\\&quot;loop-item\\&quot;]&quot;,&quot;row_gap&quot;:{&quot;unit&quot;:&quot;px&quot;,&quot;size&quot;:&quot;&quot;,&quot;sizes&quot;:[]},&quot;row_gap_tablet&quot;:{&quot;unit&quot;:&quot;px&quot;,&quot;size&quot;:&quot;&quot;,&quot;sizes&quot;:[]},&quot;row_gap_mobile&quot;:{&quot;unit&quot;:&quot;px&quot;,&quot;size&quot;:&quot;&quot;,&quot;sizes&quot;:[]}}\" data-widget_type=\"loop-grid.post\">\n\t\t\t\t<div class=\"elementor-widget-container\">\n\t\t\t\t\t\t\t<div class=\"e-loop-nothing-found-message\">\n\t\t<\/div>\n\t\t\t\t\t\t<\/div>\n\t\t\t\t<\/div>\n\t\t\t\t\t<\/div>\n\t\t\t\t<\/div>\n\t\t\t\t<\/div>\n\t\t","protected":false},"excerpt":{"rendered":"<p>Rondes g\u00e9riatriques RGPEO Le RGPEO s&rsquo;engage \u00e0 am\u00e9liorer les soins g\u00e9riatriques par l&rsquo;\u00e9ducation, la collaboration et l&rsquo;innovation. Les visites r\u00e9gionales offrent aux professionnels de la sant\u00e9 travaillant avec des personnes \u00e2g\u00e9es &#8211; m\u00e9decins, infirmi\u00e8res, prestataires de soins primaires, professionnels param\u00e9dicaux et autres &#8211; des mises \u00e0 jour sur les meilleures pratiques, les initiatives et les derni\u00e8res d\u00e9couvertes. Ces sessions, qui se d\u00e9roulent \u00e0 l&rsquo;amphith\u00e9\u00e2tre du campus civique de l&rsquo;H\u00f4pital d&rsquo;Ottawa et sont \u00e9galement diffus\u00e9es virtuellement dans toute la r\u00e9gion, comprennent une pr\u00e9sentation de 45 minutes suivie d&rsquo;une s\u00e9ance de questions-r\u00e9ponses de 15 minutes. Les s\u00e9ances r\u00e9gionales de g\u00e9riatrie ont lieu tous les mois dans l&rsquo;amphith\u00e9\u00e2tre de l&rsquo;H\u00f4pital d&rsquo;Ottawa, Campus Civic, 1053, avenue Carling, de 12 h \u00e0 13 h, sauf indication contraire. Ils sont d\u00e9sormais propos\u00e9s dans un format hybride, permettant aux participants d&rsquo;y assister en personne ou virtuellement via Teams. Toutes les personnes int\u00e9ress\u00e9es par les soins aux personnes \u00e2g\u00e9es sont invit\u00e9es \u00e0 y participer.<\/p>\n","protected":false},"author":9,"featured_media":0,"parent":1012,"menu_order":0,"comment_status":"closed","ping_status":"closed","template":"","meta":{"_acf_changed":false,"footnotes":""},"class_list":["post-3132","page","type-page","status-publish","hentry"],"acf":[],"yoast_head":"<!-- This site is optimized with the Yoast SEO plugin v26.8 - https:\/\/yoast.com\/product\/yoast-seo-wordpress\/ -->\n<title>Rondes g\u00e9riatriques RGPEO - RGPEO: Regional Geriatric Program of Eastern Ontario<\/title>\n<meta name=\"robots\" content=\"index, follow, max-snippet:-1, max-image-preview:large, max-video-preview:-1\" \/>\n<link rel=\"canonical\" href=\"https:\/\/www.rgpeo.com\/fr\/education-et-evenements\/rondes-geriatriques-rgpeo\/\" \/>\n<meta property=\"og:locale\" content=\"fr_FR\" \/>\n<meta property=\"og:type\" content=\"article\" \/>\n<meta property=\"og:title\" content=\"Rondes g\u00e9riatriques RGPEO - RGPEO: Regional Geriatric Program of Eastern Ontario\" \/>\n<meta property=\"og:description\" content=\"Rondes g\u00e9riatriques RGPEO Le RGPEO s&rsquo;engage \u00e0 am\u00e9liorer les soins g\u00e9riatriques par l&rsquo;\u00e9ducation, la collaboration et l&rsquo;innovation. Les visites r\u00e9gionales offrent aux professionnels de la sant\u00e9 travaillant avec des personnes \u00e2g\u00e9es &#8211; m\u00e9decins, infirmi\u00e8res, prestataires de soins primaires, professionnels param\u00e9dicaux et autres &#8211; des mises \u00e0 jour sur les meilleures pratiques, les initiatives et les derni\u00e8res d\u00e9couvertes. Ces sessions, qui se d\u00e9roulent \u00e0 l&rsquo;amphith\u00e9\u00e2tre du campus civique de l&rsquo;H\u00f4pital d&rsquo;Ottawa et sont \u00e9galement diffus\u00e9es virtuellement dans toute la r\u00e9gion, comprennent une pr\u00e9sentation de 45 minutes suivie d&rsquo;une s\u00e9ance de questions-r\u00e9ponses de 15 minutes. Les s\u00e9ances r\u00e9gionales de g\u00e9riatrie ont lieu tous les mois dans l&rsquo;amphith\u00e9\u00e2tre de l&rsquo;H\u00f4pital d&rsquo;Ottawa, Campus Civic, 1053, avenue Carling, de 12 h \u00e0 13 h, sauf indication contraire. Ils sont d\u00e9sormais propos\u00e9s dans un format hybride, permettant aux participants d&rsquo;y assister en personne ou virtuellement via Teams. Toutes les personnes int\u00e9ress\u00e9es par les soins aux personnes \u00e2g\u00e9es sont invit\u00e9es \u00e0 y participer.\" \/>\n<meta property=\"og:url\" content=\"https:\/\/www.rgpeo.com\/fr\/education-et-evenements\/rondes-geriatriques-rgpeo\/\" \/>\n<meta property=\"og:site_name\" content=\"RGPEO: Regional Geriatric Program of Eastern Ontario\" \/>\n<meta property=\"article:modified_time\" content=\"2025-10-01T20:43:43+00:00\" \/>\n<meta name=\"twitter:card\" content=\"summary_large_image\" \/>\n<meta name=\"twitter:label1\" content=\"Dur\u00e9e de lecture estim\u00e9e\" \/>\n\t<meta name=\"twitter:data1\" content=\"1 minute\" \/>\n<script type=\"application\/ld+json\" class=\"yoast-schema-graph\">{\"@context\":\"https:\/\/schema.org\",\"@graph\":[{\"@type\":\"WebPage\",\"@id\":\"https:\/\/www.rgpeo.com\/fr\/education-et-evenements\/rondes-geriatriques-rgpeo\/\",\"url\":\"https:\/\/www.rgpeo.com\/fr\/education-et-evenements\/rondes-geriatriques-rgpeo\/\",\"name\":\"Rondes g\u00e9riatriques RGPEO - RGPEO: Regional Geriatric Program of Eastern Ontario\",\"isPartOf\":{\"@id\":\"https:\/\/www.rgpeo.com\/fr\/#website\"},\"datePublished\":\"2025-07-15T20:56:34+00:00\",\"dateModified\":\"2025-10-01T20:43:43+00:00\",\"breadcrumb\":{\"@id\":\"https:\/\/www.rgpeo.com\/fr\/education-et-evenements\/rondes-geriatriques-rgpeo\/#breadcrumb\"},\"inLanguage\":\"fr-FR\",\"potentialAction\":[{\"@type\":\"ReadAction\",\"target\":[\"https:\/\/www.rgpeo.com\/fr\/education-et-evenements\/rondes-geriatriques-rgpeo\/\"]}]},{\"@type\":\"BreadcrumbList\",\"@id\":\"https:\/\/www.rgpeo.com\/fr\/education-et-evenements\/rondes-geriatriques-rgpeo\/#breadcrumb\",\"itemListElement\":[{\"@type\":\"ListItem\",\"position\":1,\"name\":\"Accueil\",\"item\":\"https:\/\/www.rgpeo.com\/fr\/accueil\/\"},{\"@type\":\"ListItem\",\"position\":2,\"name\":\"\u00c9ducation et \u00e9v\u00e9nements\",\"item\":\"https:\/\/www.rgpeo.com\/fr\/education-et-evenements\/\"},{\"@type\":\"ListItem\",\"position\":3,\"name\":\"Rondes g\u00e9riatriques RGPEO\"}]},{\"@type\":\"WebSite\",\"@id\":\"https:\/\/www.rgpeo.com\/fr\/#website\",\"url\":\"https:\/\/www.rgpeo.com\/fr\/\",\"name\":\"RGPEO: Regional Geriatric Program of Eastern Ontario\",\"description\":\"\",\"publisher\":{\"@id\":\"https:\/\/www.rgpeo.com\/fr\/#organization\"},\"potentialAction\":[{\"@type\":\"SearchAction\",\"target\":{\"@type\":\"EntryPoint\",\"urlTemplate\":\"https:\/\/www.rgpeo.com\/fr\/?s={search_term_string}\"},\"query-input\":{\"@type\":\"PropertyValueSpecification\",\"valueRequired\":true,\"valueName\":\"search_term_string\"}}],\"inLanguage\":\"fr-FR\"},{\"@type\":\"Organization\",\"@id\":\"https:\/\/www.rgpeo.com\/fr\/#organization\",\"name\":\"RGPEO: Regional Geriatric Program of Eastern Ontario\",\"url\":\"https:\/\/www.rgpeo.com\/fr\/\",\"logo\":{\"@type\":\"ImageObject\",\"inLanguage\":\"fr-FR\",\"@id\":\"https:\/\/www.rgpeo.com\/fr\/#\/schema\/logo\/image\/\",\"url\":\"https:\/\/www.rgpeo.com\/wp-content\/uploads\/2025\/04\/logo.png\",\"contentUrl\":\"https:\/\/www.rgpeo.com\/wp-content\/uploads\/2025\/04\/logo.png\",\"width\":232,\"height\":94,\"caption\":\"RGPEO: Regional Geriatric Program of Eastern Ontario\"},\"image\":{\"@id\":\"https:\/\/www.rgpeo.com\/fr\/#\/schema\/logo\/image\/\"}}]}<\/script>\n<!-- \/ Yoast SEO plugin. -->","yoast_head_json":{"title":"Rondes g\u00e9riatriques RGPEO - RGPEO: Regional Geriatric Program of Eastern Ontario","robots":{"index":"index","follow":"follow","max-snippet":"max-snippet:-1","max-image-preview":"max-image-preview:large","max-video-preview":"max-video-preview:-1"},"canonical":"https:\/\/www.rgpeo.com\/fr\/education-et-evenements\/rondes-geriatriques-rgpeo\/","og_locale":"fr_FR","og_type":"article","og_title":"Rondes g\u00e9riatriques RGPEO - RGPEO: Regional Geriatric Program of Eastern Ontario","og_description":"Rondes g\u00e9riatriques RGPEO Le RGPEO s&rsquo;engage \u00e0 am\u00e9liorer les soins g\u00e9riatriques par l&rsquo;\u00e9ducation, la collaboration et l&rsquo;innovation. Les visites r\u00e9gionales offrent aux professionnels de la sant\u00e9 travaillant avec des personnes \u00e2g\u00e9es &#8211; m\u00e9decins, infirmi\u00e8res, prestataires de soins primaires, professionnels param\u00e9dicaux et autres &#8211; des mises \u00e0 jour sur les meilleures pratiques, les initiatives et les derni\u00e8res d\u00e9couvertes. Ces sessions, qui se d\u00e9roulent \u00e0 l&rsquo;amphith\u00e9\u00e2tre du campus civique de l&rsquo;H\u00f4pital d&rsquo;Ottawa et sont \u00e9galement diffus\u00e9es virtuellement dans toute la r\u00e9gion, comprennent une pr\u00e9sentation de 45 minutes suivie d&rsquo;une s\u00e9ance de questions-r\u00e9ponses de 15 minutes. Les s\u00e9ances r\u00e9gionales de g\u00e9riatrie ont lieu tous les mois dans l&rsquo;amphith\u00e9\u00e2tre de l&rsquo;H\u00f4pital d&rsquo;Ottawa, Campus Civic, 1053, avenue Carling, de 12 h \u00e0 13 h, sauf indication contraire. Ils sont d\u00e9sormais propos\u00e9s dans un format hybride, permettant aux participants d&rsquo;y assister en personne ou virtuellement via Teams. Toutes les personnes int\u00e9ress\u00e9es par les soins aux personnes \u00e2g\u00e9es sont invit\u00e9es \u00e0 y participer.","og_url":"https:\/\/www.rgpeo.com\/fr\/education-et-evenements\/rondes-geriatriques-rgpeo\/","og_site_name":"RGPEO: Regional Geriatric Program of Eastern Ontario","article_modified_time":"2025-10-01T20:43:43+00:00","twitter_card":"summary_large_image","twitter_misc":{"Dur\u00e9e de lecture estim\u00e9e":"1 minute"},"schema":{"@context":"https:\/\/schema.org","@graph":[{"@type":"WebPage","@id":"https:\/\/www.rgpeo.com\/fr\/education-et-evenements\/rondes-geriatriques-rgpeo\/","url":"https:\/\/www.rgpeo.com\/fr\/education-et-evenements\/rondes-geriatriques-rgpeo\/","name":"Rondes g\u00e9riatriques RGPEO - RGPEO: Regional Geriatric Program of Eastern Ontario","isPartOf":{"@id":"https:\/\/www.rgpeo.com\/fr\/#website"},"datePublished":"2025-07-15T20:56:34+00:00","dateModified":"2025-10-01T20:43:43+00:00","breadcrumb":{"@id":"https:\/\/www.rgpeo.com\/fr\/education-et-evenements\/rondes-geriatriques-rgpeo\/#breadcrumb"},"inLanguage":"fr-FR","potentialAction":[{"@type":"ReadAction","target":["https:\/\/www.rgpeo.com\/fr\/education-et-evenements\/rondes-geriatriques-rgpeo\/"]}]},{"@type":"BreadcrumbList","@id":"https:\/\/www.rgpeo.com\/fr\/education-et-evenements\/rondes-geriatriques-rgpeo\/#breadcrumb","itemListElement":[{"@type":"ListItem","position":1,"name":"Accueil","item":"https:\/\/www.rgpeo.com\/fr\/accueil\/"},{"@type":"ListItem","position":2,"name":"\u00c9ducation et \u00e9v\u00e9nements","item":"https:\/\/www.rgpeo.com\/fr\/education-et-evenements\/"},{"@type":"ListItem","position":3,"name":"Rondes g\u00e9riatriques RGPEO"}]},{"@type":"WebSite","@id":"https:\/\/www.rgpeo.com\/fr\/#website","url":"https:\/\/www.rgpeo.com\/fr\/","name":"RGPEO: Regional Geriatric Program of Eastern Ontario","description":"","publisher":{"@id":"https:\/\/www.rgpeo.com\/fr\/#organization"},"potentialAction":[{"@type":"SearchAction","target":{"@type":"EntryPoint","urlTemplate":"https:\/\/www.rgpeo.com\/fr\/?s={search_term_string}"},"query-input":{"@type":"PropertyValueSpecification","valueRequired":true,"valueName":"search_term_string"}}],"inLanguage":"fr-FR"},{"@type":"Organization","@id":"https:\/\/www.rgpeo.com\/fr\/#organization","name":"RGPEO: Regional Geriatric Program of Eastern Ontario","url":"https:\/\/www.rgpeo.com\/fr\/","logo":{"@type":"ImageObject","inLanguage":"fr-FR","@id":"https:\/\/www.rgpeo.com\/fr\/#\/schema\/logo\/image\/","url":"https:\/\/www.rgpeo.com\/wp-content\/uploads\/2025\/04\/logo.png","contentUrl":"https:\/\/www.rgpeo.com\/wp-content\/uploads\/2025\/04\/logo.png","width":232,"height":94,"caption":"RGPEO: Regional Geriatric Program of Eastern Ontario"},"image":{"@id":"https:\/\/www.rgpeo.com\/fr\/#\/schema\/logo\/image\/"}}]}},"_links":{"self":[{"href":"https:\/\/www.rgpeo.com\/fr\/wp-json\/wp\/v2\/pages\/3132","targetHints":{"allow":["GET"]}}],"collection":[{"href":"https:\/\/www.rgpeo.com\/fr\/wp-json\/wp\/v2\/pages"}],"about":[{"href":"https:\/\/www.rgpeo.com\/fr\/wp-json\/wp\/v2\/types\/page"}],"author":[{"embeddable":true,"href":"https:\/\/www.rgpeo.com\/fr\/wp-json\/wp\/v2\/users\/9"}],"replies":[{"embeddable":true,"href":"https:\/\/www.rgpeo.com\/fr\/wp-json\/wp\/v2\/comments?post=3132"}],"version-history":[{"count":5,"href":"https:\/\/www.rgpeo.com\/fr\/wp-json\/wp\/v2\/pages\/3132\/revisions"}],"predecessor-version":[{"id":3932,"href":"https:\/\/www.rgpeo.com\/fr\/wp-json\/wp\/v2\/pages\/3132\/revisions\/3932"}],"up":[{"embeddable":true,"href":"https:\/\/www.rgpeo.com\/fr\/wp-json\/wp\/v2\/pages\/1012"}],"wp:attachment":[{"href":"https:\/\/www.rgpeo.com\/fr\/wp-json\/wp\/v2\/media?parent=3132"}],"curies":[{"name":"wp","href":"https:\/\/api.w.org\/{rel}","templated":true}]}}