{"id":3134,"date":"2025-07-16T15:28:39","date_gmt":"2025-07-16T15:28:39","guid":{"rendered":"https:\/\/www.rgpeo.com\/education-et-evenements\/serie-sur-leducation-geriatrique\/"},"modified":"2026-01-08T14:52:20","modified_gmt":"2026-01-08T14:52:20","slug":"serie-sur-leducation-geriatrique","status":"publish","type":"page","link":"https:\/\/www.rgpeo.com\/fr\/education-et-evenements\/serie-sur-leducation-geriatrique\/","title":{"rendered":"S\u00e9rie sur l&rsquo;\u00e9ducation g\u00e9riatrique"},"content":{"rendered":"\t\t<div data-elementor-type=\"wp-page\" data-elementor-id=\"3134\" class=\"elementor elementor-3134 elementor-1420\" data-elementor-post-type=\"page\">\n\t\t\t\t<div class=\"elementor-element elementor-element-d3931e6 e-flex e-con-boxed wpr-particle-no wpr-jarallax-no wpr-parallax-no wpr-sticky-section-no e-con e-parent\" data-id=\"d3931e6\" data-element_type=\"container\" data-settings=\"{&quot;background_background&quot;:&quot;gradient&quot;}\">\n\t\t\t\t\t<div class=\"e-con-inner\">\n\t\t\t\t<div class=\"elementor-element elementor-element-5539a1e elementor-widget elementor-widget-heading\" data-id=\"5539a1e\" data-element_type=\"widget\" data-widget_type=\"heading.default\">\n\t\t\t\t<div class=\"elementor-widget-container\">\n\t\t\t\t\t<h2 class=\"elementor-heading-title elementor-size-default\">La s\u00e9rie sur l'\u00e9ducation g\u00e9riatrique<\/h2>\t\t\t\t<\/div>\n\t\t\t\t<\/div>\n\t\t\t\t<div class=\"elementor-element elementor-element-c45beaa elementor-widget elementor-widget-text-editor\" data-id=\"c45beaa\" data-element_type=\"widget\" data-widget_type=\"text-editor.default\">\n\t\t\t\t<div class=\"elementor-widget-container\">\n\t\t\t\t\t\t\t\t\t<p><strong>Un cours virtuel de deux jours est organis\u00e9 deux fois par an pour soutenir et former les professionnels de la sant\u00e9 travaillant avec des personnes \u00e2g\u00e9es.<\/strong><\/p>\t\t\t\t\t\t\t\t<\/div>\n\t\t\t\t<\/div>\n\t\t\t\t\t<\/div>\n\t\t\t\t<\/div>\n\t\t<div class=\"elementor-element elementor-element-1484313 e-flex e-con-boxed wpr-particle-no wpr-jarallax-no wpr-parallax-no wpr-sticky-section-no e-con e-parent\" data-id=\"1484313\" data-element_type=\"container\">\n\t\t\t\t\t<div class=\"e-con-inner\">\n\t\t\t\t<div class=\"elementor-element elementor-element-f017084 elementor-grid-1 elementor-grid-tablet-1 elementor-grid-mobile-1 elementor-widget elementor-widget-loop-grid\" data-id=\"f017084\" data-element_type=\"widget\" data-settings=\"{&quot;template_id&quot;:3084,&quot;columns&quot;:1,&quot;columns_tablet&quot;:1,&quot;_skin&quot;:&quot;post&quot;,&quot;columns_mobile&quot;:&quot;1&quot;,&quot;edit_handle_selector&quot;:&quot;[data-elementor-type=\\&quot;loop-item\\&quot;]&quot;,&quot;row_gap&quot;:{&quot;unit&quot;:&quot;px&quot;,&quot;size&quot;:&quot;&quot;,&quot;sizes&quot;:[]},&quot;row_gap_tablet&quot;:{&quot;unit&quot;:&quot;px&quot;,&quot;size&quot;:&quot;&quot;,&quot;sizes&quot;:[]},&quot;row_gap_mobile&quot;:{&quot;unit&quot;:&quot;px&quot;,&quot;size&quot;:&quot;&quot;,&quot;sizes&quot;:[]}}\" data-widget_type=\"loop-grid.post\">\n\t\t\t\t<div class=\"elementor-widget-container\">\n\t\t\t\t\t\t\t<div class=\"e-loop-nothing-found-message\">\n\t\t<\/div>\n\t\t\t\t\t\t<\/div>\n\t\t\t\t<\/div>\n\t\t\t\t\t<\/div>\n\t\t\t\t<\/div>\n\t\t\t\t<\/div>\n\t\t","protected":false},"excerpt":{"rendered":"<p>La s\u00e9rie sur l&rsquo;\u00e9ducation g\u00e9riatrique Un cours virtuel de deux jours est organis\u00e9 deux fois par an pour soutenir et former les professionnels de la sant\u00e9 travaillant avec des personnes \u00e2g\u00e9es.<\/p>\n","protected":false},"author":9,"featured_media":0,"parent":1012,"menu_order":0,"comment_status":"closed","ping_status":"closed","template":"","meta":{"_acf_changed":false,"footnotes":""},"class_list":["post-3134","page","type-page","status-publish","hentry"],"acf":[],"yoast_head":"<!-- This site is optimized with the Yoast SEO plugin v26.8 - https:\/\/yoast.com\/product\/yoast-seo-wordpress\/ -->\n<title>S\u00e9rie sur l&#039;\u00e9ducation g\u00e9riatrique - RGPEO: Regional Geriatric Program of Eastern Ontario<\/title>\n<meta name=\"robots\" content=\"index, follow, max-snippet:-1, max-image-preview:large, max-video-preview:-1\" \/>\n<link rel=\"canonical\" href=\"https:\/\/www.rgpeo.com\/fr\/education-et-evenements\/serie-sur-leducation-geriatrique\/\" \/>\n<meta property=\"og:locale\" content=\"fr_FR\" \/>\n<meta property=\"og:type\" content=\"article\" \/>\n<meta property=\"og:title\" content=\"S\u00e9rie sur l&#039;\u00e9ducation g\u00e9riatrique - RGPEO: Regional Geriatric Program of Eastern Ontario\" \/>\n<meta property=\"og:description\" content=\"La s\u00e9rie sur l&rsquo;\u00e9ducation g\u00e9riatrique Un cours virtuel de deux jours est organis\u00e9 deux fois par an pour soutenir et former les professionnels de la sant\u00e9 travaillant avec des personnes \u00e2g\u00e9es.\" \/>\n<meta property=\"og:url\" content=\"https:\/\/www.rgpeo.com\/fr\/education-et-evenements\/serie-sur-leducation-geriatrique\/\" \/>\n<meta property=\"og:site_name\" content=\"RGPEO: Regional Geriatric Program of Eastern Ontario\" \/>\n<meta property=\"article:modified_time\" content=\"2026-01-08T14:52:20+00:00\" \/>\n<meta name=\"twitter:card\" content=\"summary_large_image\" \/>\n<script type=\"application\/ld+json\" class=\"yoast-schema-graph\">{\"@context\":\"https:\/\/schema.org\",\"@graph\":[{\"@type\":\"WebPage\",\"@id\":\"https:\/\/www.rgpeo.com\/fr\/education-et-evenements\/serie-sur-leducation-geriatrique\/\",\"url\":\"https:\/\/www.rgpeo.com\/fr\/education-et-evenements\/serie-sur-leducation-geriatrique\/\",\"name\":\"S\u00e9rie sur l'\u00e9ducation g\u00e9riatrique - RGPEO: Regional Geriatric Program of Eastern Ontario\",\"isPartOf\":{\"@id\":\"https:\/\/www.rgpeo.com\/fr\/#website\"},\"datePublished\":\"2025-07-16T15:28:39+00:00\",\"dateModified\":\"2026-01-08T14:52:20+00:00\",\"breadcrumb\":{\"@id\":\"https:\/\/www.rgpeo.com\/fr\/education-et-evenements\/serie-sur-leducation-geriatrique\/#breadcrumb\"},\"inLanguage\":\"fr-FR\",\"potentialAction\":[{\"@type\":\"ReadAction\",\"target\":[\"https:\/\/www.rgpeo.com\/fr\/education-et-evenements\/serie-sur-leducation-geriatrique\/\"]}]},{\"@type\":\"BreadcrumbList\",\"@id\":\"https:\/\/www.rgpeo.com\/fr\/education-et-evenements\/serie-sur-leducation-geriatrique\/#breadcrumb\",\"itemListElement\":[{\"@type\":\"ListItem\",\"position\":1,\"name\":\"Accueil\",\"item\":\"https:\/\/www.rgpeo.com\/fr\/accueil\/\"},{\"@type\":\"ListItem\",\"position\":2,\"name\":\"\u00c9ducation et \u00e9v\u00e9nements\",\"item\":\"https:\/\/www.rgpeo.com\/fr\/education-et-evenements\/\"},{\"@type\":\"ListItem\",\"position\":3,\"name\":\"S\u00e9rie sur l&#8217;\u00e9ducation g\u00e9riatrique\"}]},{\"@type\":\"WebSite\",\"@id\":\"https:\/\/www.rgpeo.com\/fr\/#website\",\"url\":\"https:\/\/www.rgpeo.com\/fr\/\",\"name\":\"RGPEO: Regional Geriatric Program of Eastern Ontario\",\"description\":\"\",\"publisher\":{\"@id\":\"https:\/\/www.rgpeo.com\/fr\/#organization\"},\"potentialAction\":[{\"@type\":\"SearchAction\",\"target\":{\"@type\":\"EntryPoint\",\"urlTemplate\":\"https:\/\/www.rgpeo.com\/fr\/?s={search_term_string}\"},\"query-input\":{\"@type\":\"PropertyValueSpecification\",\"valueRequired\":true,\"valueName\":\"search_term_string\"}}],\"inLanguage\":\"fr-FR\"},{\"@type\":\"Organization\",\"@id\":\"https:\/\/www.rgpeo.com\/fr\/#organization\",\"name\":\"RGPEO: Regional Geriatric Program of Eastern Ontario\",\"url\":\"https:\/\/www.rgpeo.com\/fr\/\",\"logo\":{\"@type\":\"ImageObject\",\"inLanguage\":\"fr-FR\",\"@id\":\"https:\/\/www.rgpeo.com\/fr\/#\/schema\/logo\/image\/\",\"url\":\"https:\/\/www.rgpeo.com\/wp-content\/uploads\/2025\/04\/logo.png\",\"contentUrl\":\"https:\/\/www.rgpeo.com\/wp-content\/uploads\/2025\/04\/logo.png\",\"width\":232,\"height\":94,\"caption\":\"RGPEO: Regional Geriatric Program of Eastern Ontario\"},\"image\":{\"@id\":\"https:\/\/www.rgpeo.com\/fr\/#\/schema\/logo\/image\/\"}}]}<\/script>\n<!-- \/ Yoast SEO plugin. -->","yoast_head_json":{"title":"S\u00e9rie sur l'\u00e9ducation g\u00e9riatrique - RGPEO: Regional Geriatric Program of Eastern Ontario","robots":{"index":"index","follow":"follow","max-snippet":"max-snippet:-1","max-image-preview":"max-image-preview:large","max-video-preview":"max-video-preview:-1"},"canonical":"https:\/\/www.rgpeo.com\/fr\/education-et-evenements\/serie-sur-leducation-geriatrique\/","og_locale":"fr_FR","og_type":"article","og_title":"S\u00e9rie sur l'\u00e9ducation g\u00e9riatrique - RGPEO: Regional Geriatric Program of Eastern Ontario","og_description":"La s\u00e9rie sur l&rsquo;\u00e9ducation g\u00e9riatrique Un cours virtuel de deux jours est organis\u00e9 deux fois par an pour soutenir et former les professionnels de la sant\u00e9 travaillant avec des personnes \u00e2g\u00e9es.","og_url":"https:\/\/www.rgpeo.com\/fr\/education-et-evenements\/serie-sur-leducation-geriatrique\/","og_site_name":"RGPEO: Regional Geriatric Program of Eastern Ontario","article_modified_time":"2026-01-08T14:52:20+00:00","twitter_card":"summary_large_image","schema":{"@context":"https:\/\/schema.org","@graph":[{"@type":"WebPage","@id":"https:\/\/www.rgpeo.com\/fr\/education-et-evenements\/serie-sur-leducation-geriatrique\/","url":"https:\/\/www.rgpeo.com\/fr\/education-et-evenements\/serie-sur-leducation-geriatrique\/","name":"S\u00e9rie sur l'\u00e9ducation g\u00e9riatrique - RGPEO: Regional Geriatric Program of Eastern Ontario","isPartOf":{"@id":"https:\/\/www.rgpeo.com\/fr\/#website"},"datePublished":"2025-07-16T15:28:39+00:00","dateModified":"2026-01-08T14:52:20+00:00","breadcrumb":{"@id":"https:\/\/www.rgpeo.com\/fr\/education-et-evenements\/serie-sur-leducation-geriatrique\/#breadcrumb"},"inLanguage":"fr-FR","potentialAction":[{"@type":"ReadAction","target":["https:\/\/www.rgpeo.com\/fr\/education-et-evenements\/serie-sur-leducation-geriatrique\/"]}]},{"@type":"BreadcrumbList","@id":"https:\/\/www.rgpeo.com\/fr\/education-et-evenements\/serie-sur-leducation-geriatrique\/#breadcrumb","itemListElement":[{"@type":"ListItem","position":1,"name":"Accueil","item":"https:\/\/www.rgpeo.com\/fr\/accueil\/"},{"@type":"ListItem","position":2,"name":"\u00c9ducation et \u00e9v\u00e9nements","item":"https:\/\/www.rgpeo.com\/fr\/education-et-evenements\/"},{"@type":"ListItem","position":3,"name":"S\u00e9rie sur l&#8217;\u00e9ducation g\u00e9riatrique"}]},{"@type":"WebSite","@id":"https:\/\/www.rgpeo.com\/fr\/#website","url":"https:\/\/www.rgpeo.com\/fr\/","name":"RGPEO: Regional Geriatric Program of Eastern Ontario","description":"","publisher":{"@id":"https:\/\/www.rgpeo.com\/fr\/#organization"},"potentialAction":[{"@type":"SearchAction","target":{"@type":"EntryPoint","urlTemplate":"https:\/\/www.rgpeo.com\/fr\/?s={search_term_string}"},"query-input":{"@type":"PropertyValueSpecification","valueRequired":true,"valueName":"search_term_string"}}],"inLanguage":"fr-FR"},{"@type":"Organization","@id":"https:\/\/www.rgpeo.com\/fr\/#organization","name":"RGPEO: Regional Geriatric Program of Eastern Ontario","url":"https:\/\/www.rgpeo.com\/fr\/","logo":{"@type":"ImageObject","inLanguage":"fr-FR","@id":"https:\/\/www.rgpeo.com\/fr\/#\/schema\/logo\/image\/","url":"https:\/\/www.rgpeo.com\/wp-content\/uploads\/2025\/04\/logo.png","contentUrl":"https:\/\/www.rgpeo.com\/wp-content\/uploads\/2025\/04\/logo.png","width":232,"height":94,"caption":"RGPEO: Regional Geriatric Program of Eastern Ontario"},"image":{"@id":"https:\/\/www.rgpeo.com\/fr\/#\/schema\/logo\/image\/"}}]}},"_links":{"self":[{"href":"https:\/\/www.rgpeo.com\/fr\/wp-json\/wp\/v2\/pages\/3134","targetHints":{"allow":["GET"]}}],"collection":[{"href":"https:\/\/www.rgpeo.com\/fr\/wp-json\/wp\/v2\/pages"}],"about":[{"href":"https:\/\/www.rgpeo.com\/fr\/wp-json\/wp\/v2\/types\/page"}],"author":[{"embeddable":true,"href":"https:\/\/www.rgpeo.com\/fr\/wp-json\/wp\/v2\/users\/9"}],"replies":[{"embeddable":true,"href":"https:\/\/www.rgpeo.com\/fr\/wp-json\/wp\/v2\/comments?post=3134"}],"version-history":[{"count":2,"href":"https:\/\/www.rgpeo.com\/fr\/wp-json\/wp\/v2\/pages\/3134\/revisions"}],"predecessor-version":[{"id":4166,"href":"https:\/\/www.rgpeo.com\/fr\/wp-json\/wp\/v2\/pages\/3134\/revisions\/4166"}],"up":[{"embeddable":true,"href":"https:\/\/www.rgpeo.com\/fr\/wp-json\/wp\/v2\/pages\/1012"}],"wp:attachment":[{"href":"https:\/\/www.rgpeo.com\/fr\/wp-json\/wp\/v2\/media?parent=3134"}],"curies":[{"name":"wp","href":"https:\/\/api.w.org\/{rel}","templated":true}]}}