{"id":3701,"date":"2025-09-09T14:22:05","date_gmt":"2025-09-09T14:22:05","guid":{"rendered":"https:\/\/www.rgpeo.com\/sabonner-a-notre-lettre-dinformation\/"},"modified":"2025-09-09T21:07:25","modified_gmt":"2025-09-09T21:07:25","slug":"sabonner-a-notre-lettre-dinformation","status":"publish","type":"page","link":"https:\/\/www.rgpeo.com\/fr\/sabonner-a-notre-lettre-dinformation\/","title":{"rendered":"S&rsquo;abonner \u00e0 notre lettre d&rsquo;information"},"content":{"rendered":"\t\t<div data-elementor-type=\"wp-page\" data-elementor-id=\"3701\" class=\"elementor elementor-3701 elementor-3696\" data-elementor-post-type=\"page\">\n\t\t\t\t<div class=\"elementor-element elementor-element-ffff399 e-flex e-con-boxed wpr-particle-no wpr-jarallax-no wpr-parallax-no wpr-sticky-section-no e-con e-parent\" data-id=\"ffff399\" data-element_type=\"container\" data-settings=\"{&quot;background_background&quot;:&quot;gradient&quot;}\">\n\t\t\t\t\t<div class=\"e-con-inner\">\n\t\t\t\t<div class=\"elementor-element elementor-element-a0715f6 elementor-widget elementor-widget-heading\" data-id=\"a0715f6\" data-element_type=\"widget\" data-widget_type=\"heading.default\">\n\t\t\t\t<div class=\"elementor-widget-container\">\n\t\t\t\t\t<h2 class=\"elementor-heading-title elementor-size-default\">S'abonner \u00e0 notre lettre d'information<\/h2>\t\t\t\t<\/div>\n\t\t\t\t<\/div>\n\t\t\t\t<div class=\"elementor-element elementor-element-7a3e54a4 elementor-widget elementor-widget-text-editor\" data-id=\"7a3e54a4\" data-element_type=\"widget\" data-widget_type=\"text-editor.default\">\n\t\t\t\t<div class=\"elementor-widget-container\">\n\t\t\t\t\t\t\t\t\t<p>Restez en contact avec notre communaut\u00e9 en vous abonnant \u00e0 notre lettre d&rsquo;information. Chaque num\u00e9ro partage des mises \u00e0 jour significatives, des ressources pratiques et des histoires inspirantes qui soutiennent les personnes \u00e2g\u00e9es, les aidants et les familles. En vous inscrivant, vous recevrez des informations utiles, des \u00e9v\u00e9nements \u00e0 venir et des opportunit\u00e9s de faire la diff\u00e9rence &#8211; directement dans votre bo\u00eete de r\u00e9ception.  <\/p>\t\t\t\t\t\t\t\t<\/div>\n\t\t\t\t<\/div>\n\t\t\t\t\t<\/div>\n\t\t\t\t<\/div>\n\t\t\t\t<section class=\"elementor-section elementor-top-section elementor-element elementor-element-1da2ec9 elementor-section-boxed elementor-section-height-default elementor-section-height-default wpr-particle-no wpr-jarallax-no wpr-parallax-no wpr-sticky-section-no\" data-id=\"1da2ec9\" data-element_type=\"section\" data-settings=\"{&quot;background_background&quot;:&quot;classic&quot;}\">\n\t\t\t\t\t\t\t<div class=\"elementor-background-overlay\"><\/div>\n\t\t\t\t\t\t\t<div class=\"elementor-container elementor-column-gap-default\">\n\t\t\t\t\t<div class=\"elementor-column elementor-col-100 elementor-top-column elementor-element elementor-element-9d1c774\" data-id=\"9d1c774\" data-element_type=\"column\" data-settings=\"{&quot;background_background&quot;:&quot;classic&quot;}\">\n\t\t\t<div class=\"elementor-widget-wrap elementor-element-populated\">\n\t\t\t\t\t\t<section class=\"elementor-section elementor-inner-section elementor-element elementor-element-2c73824 elementor-section-boxed elementor-section-height-default elementor-section-height-default wpr-particle-no wpr-jarallax-no wpr-parallax-no wpr-sticky-section-no elementor-invisible\" data-id=\"2c73824\" data-element_type=\"section\" data-settings=\"{&quot;animation&quot;:&quot;fadeInUp&quot;}\">\n\t\t\t\t\t\t<div class=\"elementor-container elementor-column-gap-default\">\n\t\t\t\t\t<div class=\"elementor-column elementor-col-100 elementor-inner-column elementor-element elementor-element-a2e4c03\" data-id=\"a2e4c03\" data-element_type=\"column\" data-settings=\"{&quot;background_background&quot;:&quot;classic&quot;}\">\n\t\t\t<div class=\"elementor-widget-wrap elementor-element-populated\">\n\t\t\t\t\t<div class=\"elementor-background-overlay\"><\/div>\n\t\t\t\t\t\t<div class=\"elementor-element elementor-element-c2a2fa6 elementor-widget elementor-widget-acy_sub_form\" data-id=\"c2a2fa6\" data-element_type=\"widget\" data-widget_type=\"acy_sub_form.default\">\n\t\t\t\t<div class=\"elementor-widget-container\">\n\t\t\t\t\t<style>#acym_module_formAcym94551 .acysubbuttons .subbutton {color: #FFFFFF;border-style: solid;}<\/style>Enter your email address below:<script type=\"text\/javascript\">\n                window.addEventListener('DOMContentLoaded', (event) => {\nacymModule['excludeValuesformAcym94551'] = [];\nacymModule[\"excludeValuesformAcym94551\"][\"2\"] = \"E-mail\";  });\n                <\/script>\t<div class=\"acym_module \" id=\"acym_module_formAcym94551\">\n\t\t<div class=\"acym_fulldiv\" id=\"acym_fulldiv_formAcym94551\" style=\"text-align: center\">\n\t\t\t<form enctype=\"multipart\/form-data\"\n\t\t\t\t  id=\"formAcym94551\"\n\t\t\t\t  name=\"formAcym94551\"\n\t\t\t\t  method=\"POST\"\n\t\t\t\t  action=\"https:\/\/www.rgpeo.com\/fr\/index.php?page=acymailing_front&amp;ctrl=frontusers&amp;noheader=1\"\n\t\t\t\t  onsubmit=\"return submitAcymForm('subscribe','formAcym94551', 'acymSubmitSubForm')\">\n\t\t\t\t<div class=\"acym_module_form\">\n                    \n<table class=\"acym_form\">\n\t<tr>\n        <td class=\"onefield acyfield_2 acyfield_text\"><input id=\"email_field_739\"  name=\"user[email]\" placeholder=\"E-mail\" value=\"\" data-authorized-content=\"{&quot;0&quot;:&quot;all&quot;,&quot;regex&quot;:&quot;&quot;,&quot;message&quot;:&quot;Valeur incorrecte pour le champ E-mail&quot;}\" required type=\"email\" class=\"cell acym__user__edit__email  \"><div class=\"acym__field__error__block\" data-acym-field-id=\"2\"><\/div><\/td><\/tr><tr>\n\t\t<td  class=\"acysubbuttons\">\n\t\t\t<noscript>\n                Veuillez activer le javascript pour envoyer ce formulaire\t\t\t<\/noscript>\n            \t\t\t<input type=\"button\"\n\t\t\t\t   class=\"btn btn-primary button subbutton\"\n\t\t\t\t   value=\"Abonnement\"\n\t\t\t\t   name=\"Submit\"\n\t\t\t\t   onclick=\"try{ return submitAcymForm(&quot;subscribe&quot;,&quot;formAcym94551&quot;, &quot;acymSubmitSubForm&quot;); }catch(err){alert(&quot;The form could not be submitted &quot;+err);return false;}\" \/>\n            \t\t<\/td>\n\t<\/tr>\n<\/table>\n\t\t\t\t<\/div>\n\n\t\t\t\t<input type=\"hidden\" name=\"ctrl\" value=\"frontusers\" \/>\n\t\t\t\t<input type=\"hidden\" name=\"task\" value=\"notask\" \/>\n\t\t\t\t<input type=\"hidden\" name=\"option\" value=\"acymailing\" \/>\n\n                \t\t\t\t<input type=\"hidden\" name=\"ajax\" value=\"1\" \/>\n\t\t\t\t<input type=\"hidden\" name=\"successmode\" value=\"replace\" \/>\n\t\t\t\t<input type=\"hidden\" name=\"acy_source\" value=\"elementor_subscription_form\" \/>\n\t\t\t\t<input type=\"hidden\" name=\"hiddenlists\" value=\"1\" \/>\n\t\t\t\t<input type=\"hidden\" name=\"acyformname\" value=\"formAcym94551\" \/>\n\t\t\t\t<input type=\"hidden\" name=\"acysubmode\" value=\"widget_acym\" \/>\n\t\t\t\t<input type=\"hidden\" name=\"confirmation_message\" value=\"\" \/>\n\n                \t\t\t<\/form>\n\t\t<\/div>\n\t<\/div>\n    \t\t\t\t<\/div>\n\t\t\t\t<\/div>\n\t\t\t\t\t<\/div>\n\t\t<\/div>\n\t\t\t\t\t<\/div>\n\t\t<\/section>\n\t\t\t\t<div class=\"elementor-element elementor-element-19b7d5c elementor-widget elementor-widget-spacer\" data-id=\"19b7d5c\" data-element_type=\"widget\" data-widget_type=\"spacer.default\">\n\t\t\t\t<div class=\"elementor-widget-container\">\n\t\t\t\t\t\t\t<div class=\"elementor-spacer\">\n\t\t\t<div class=\"elementor-spacer-inner\"><\/div>\n\t\t<\/div>\n\t\t\t\t\t\t<\/div>\n\t\t\t\t<\/div>\n\t\t\t\t\t<\/div>\n\t\t<\/div>\n\t\t\t\t\t<\/div>\n\t\t<\/section>\n\t\t\t\t<\/div>\n\t\t","protected":false},"excerpt":{"rendered":"<p>S&rsquo;abonner \u00e0 notre lettre d&rsquo;information Restez en contact avec notre communaut\u00e9 en vous abonnant \u00e0 notre lettre d&rsquo;information. Chaque num\u00e9ro partage des mises \u00e0 jour significatives, des ressources pratiques et des histoires inspirantes qui soutiennent les personnes \u00e2g\u00e9es, les aidants et les familles. En vous inscrivant, vous recevrez des informations utiles, des \u00e9v\u00e9nements \u00e0 venir et des opportunit\u00e9s de faire la diff\u00e9rence &#8211; directement dans votre bo\u00eete de r\u00e9ception. Enter your email address below: Please enable the javascript to submit this form<\/p>\n","protected":false},"author":9,"featured_media":0,"parent":0,"menu_order":0,"comment_status":"closed","ping_status":"closed","template":"","meta":{"_acf_changed":false,"footnotes":""},"class_list":["post-3701","page","type-page","status-publish","hentry"],"acf":[],"yoast_head":"<!-- This site is optimized with the Yoast SEO plugin v26.8 - https:\/\/yoast.com\/product\/yoast-seo-wordpress\/ -->\n<title>S&#039;abonner \u00e0 notre lettre d&#039;information - RGPEO: Regional Geriatric Program of Eastern Ontario<\/title>\n<meta name=\"robots\" content=\"index, follow, max-snippet:-1, max-image-preview:large, max-video-preview:-1\" \/>\n<link rel=\"canonical\" href=\"https:\/\/www.rgpeo.com\/fr\/sabonner-a-notre-lettre-dinformation\/\" \/>\n<meta property=\"og:locale\" content=\"fr_FR\" \/>\n<meta property=\"og:type\" content=\"article\" \/>\n<meta property=\"og:title\" content=\"S&#039;abonner \u00e0 notre lettre d&#039;information - RGPEO: Regional Geriatric Program of Eastern Ontario\" \/>\n<meta property=\"og:description\" content=\"S&rsquo;abonner \u00e0 notre lettre d&rsquo;information Restez en contact avec notre communaut\u00e9 en vous abonnant \u00e0 notre lettre d&rsquo;information. Chaque num\u00e9ro partage des mises \u00e0 jour significatives, des ressources pratiques et des histoires inspirantes qui soutiennent les personnes \u00e2g\u00e9es, les aidants et les familles. En vous inscrivant, vous recevrez des informations utiles, des \u00e9v\u00e9nements \u00e0 venir et des opportunit\u00e9s de faire la diff\u00e9rence &#8211; directement dans votre bo\u00eete de r\u00e9ception. Enter your email address below: Please enable the javascript to submit this form\" \/>\n<meta property=\"og:url\" content=\"https:\/\/www.rgpeo.com\/fr\/sabonner-a-notre-lettre-dinformation\/\" \/>\n<meta property=\"og:site_name\" content=\"RGPEO: Regional Geriatric Program of Eastern Ontario\" \/>\n<meta property=\"article:modified_time\" content=\"2025-09-09T21:07:25+00:00\" \/>\n<meta name=\"twitter:card\" content=\"summary_large_image\" \/>\n<script type=\"application\/ld+json\" class=\"yoast-schema-graph\">{\"@context\":\"https:\/\/schema.org\",\"@graph\":[{\"@type\":\"WebPage\",\"@id\":\"https:\/\/www.rgpeo.com\/fr\/sabonner-a-notre-lettre-dinformation\/\",\"url\":\"https:\/\/www.rgpeo.com\/fr\/sabonner-a-notre-lettre-dinformation\/\",\"name\":\"S'abonner \u00e0 notre lettre d'information - RGPEO: Regional Geriatric Program of Eastern Ontario\",\"isPartOf\":{\"@id\":\"https:\/\/www.rgpeo.com\/fr\/#website\"},\"datePublished\":\"2025-09-09T14:22:05+00:00\",\"dateModified\":\"2025-09-09T21:07:25+00:00\",\"breadcrumb\":{\"@id\":\"https:\/\/www.rgpeo.com\/fr\/sabonner-a-notre-lettre-dinformation\/#breadcrumb\"},\"inLanguage\":\"fr-FR\",\"potentialAction\":[{\"@type\":\"ReadAction\",\"target\":[\"https:\/\/www.rgpeo.com\/fr\/sabonner-a-notre-lettre-dinformation\/\"]}]},{\"@type\":\"BreadcrumbList\",\"@id\":\"https:\/\/www.rgpeo.com\/fr\/sabonner-a-notre-lettre-dinformation\/#breadcrumb\",\"itemListElement\":[{\"@type\":\"ListItem\",\"position\":1,\"name\":\"Accueil\",\"item\":\"https:\/\/www.rgpeo.com\/fr\/accueil\/\"},{\"@type\":\"ListItem\",\"position\":2,\"name\":\"S&#8217;abonner \u00e0 notre lettre d&#8217;information\"}]},{\"@type\":\"WebSite\",\"@id\":\"https:\/\/www.rgpeo.com\/fr\/#website\",\"url\":\"https:\/\/www.rgpeo.com\/fr\/\",\"name\":\"RGPEO: Regional Geriatric Program of Eastern Ontario\",\"description\":\"\",\"publisher\":{\"@id\":\"https:\/\/www.rgpeo.com\/fr\/#organization\"},\"potentialAction\":[{\"@type\":\"SearchAction\",\"target\":{\"@type\":\"EntryPoint\",\"urlTemplate\":\"https:\/\/www.rgpeo.com\/fr\/?s={search_term_string}\"},\"query-input\":{\"@type\":\"PropertyValueSpecification\",\"valueRequired\":true,\"valueName\":\"search_term_string\"}}],\"inLanguage\":\"fr-FR\"},{\"@type\":\"Organization\",\"@id\":\"https:\/\/www.rgpeo.com\/fr\/#organization\",\"name\":\"RGPEO: Regional Geriatric Program of Eastern Ontario\",\"url\":\"https:\/\/www.rgpeo.com\/fr\/\",\"logo\":{\"@type\":\"ImageObject\",\"inLanguage\":\"fr-FR\",\"@id\":\"https:\/\/www.rgpeo.com\/fr\/#\/schema\/logo\/image\/\",\"url\":\"https:\/\/www.rgpeo.com\/wp-content\/uploads\/2025\/04\/logo.png\",\"contentUrl\":\"https:\/\/www.rgpeo.com\/wp-content\/uploads\/2025\/04\/logo.png\",\"width\":232,\"height\":94,\"caption\":\"RGPEO: Regional Geriatric Program of Eastern Ontario\"},\"image\":{\"@id\":\"https:\/\/www.rgpeo.com\/fr\/#\/schema\/logo\/image\/\"}}]}<\/script>\n<!-- \/ Yoast SEO plugin. -->","yoast_head_json":{"title":"S'abonner \u00e0 notre lettre d'information - RGPEO: Regional Geriatric Program of Eastern Ontario","robots":{"index":"index","follow":"follow","max-snippet":"max-snippet:-1","max-image-preview":"max-image-preview:large","max-video-preview":"max-video-preview:-1"},"canonical":"https:\/\/www.rgpeo.com\/fr\/sabonner-a-notre-lettre-dinformation\/","og_locale":"fr_FR","og_type":"article","og_title":"S'abonner \u00e0 notre lettre d'information - RGPEO: Regional Geriatric Program of Eastern Ontario","og_description":"S&rsquo;abonner \u00e0 notre lettre d&rsquo;information Restez en contact avec notre communaut\u00e9 en vous abonnant \u00e0 notre lettre d&rsquo;information. Chaque num\u00e9ro partage des mises \u00e0 jour significatives, des ressources pratiques et des histoires inspirantes qui soutiennent les personnes \u00e2g\u00e9es, les aidants et les familles. En vous inscrivant, vous recevrez des informations utiles, des \u00e9v\u00e9nements \u00e0 venir et des opportunit\u00e9s de faire la diff\u00e9rence &#8211; directement dans votre bo\u00eete de r\u00e9ception. Enter your email address below: Please enable the javascript to submit this form","og_url":"https:\/\/www.rgpeo.com\/fr\/sabonner-a-notre-lettre-dinformation\/","og_site_name":"RGPEO: Regional Geriatric Program of Eastern Ontario","article_modified_time":"2025-09-09T21:07:25+00:00","twitter_card":"summary_large_image","schema":{"@context":"https:\/\/schema.org","@graph":[{"@type":"WebPage","@id":"https:\/\/www.rgpeo.com\/fr\/sabonner-a-notre-lettre-dinformation\/","url":"https:\/\/www.rgpeo.com\/fr\/sabonner-a-notre-lettre-dinformation\/","name":"S'abonner \u00e0 notre lettre d'information - RGPEO: Regional Geriatric Program of Eastern Ontario","isPartOf":{"@id":"https:\/\/www.rgpeo.com\/fr\/#website"},"datePublished":"2025-09-09T14:22:05+00:00","dateModified":"2025-09-09T21:07:25+00:00","breadcrumb":{"@id":"https:\/\/www.rgpeo.com\/fr\/sabonner-a-notre-lettre-dinformation\/#breadcrumb"},"inLanguage":"fr-FR","potentialAction":[{"@type":"ReadAction","target":["https:\/\/www.rgpeo.com\/fr\/sabonner-a-notre-lettre-dinformation\/"]}]},{"@type":"BreadcrumbList","@id":"https:\/\/www.rgpeo.com\/fr\/sabonner-a-notre-lettre-dinformation\/#breadcrumb","itemListElement":[{"@type":"ListItem","position":1,"name":"Accueil","item":"https:\/\/www.rgpeo.com\/fr\/accueil\/"},{"@type":"ListItem","position":2,"name":"S&#8217;abonner \u00e0 notre lettre d&#8217;information"}]},{"@type":"WebSite","@id":"https:\/\/www.rgpeo.com\/fr\/#website","url":"https:\/\/www.rgpeo.com\/fr\/","name":"RGPEO: Regional Geriatric Program of Eastern Ontario","description":"","publisher":{"@id":"https:\/\/www.rgpeo.com\/fr\/#organization"},"potentialAction":[{"@type":"SearchAction","target":{"@type":"EntryPoint","urlTemplate":"https:\/\/www.rgpeo.com\/fr\/?s={search_term_string}"},"query-input":{"@type":"PropertyValueSpecification","valueRequired":true,"valueName":"search_term_string"}}],"inLanguage":"fr-FR"},{"@type":"Organization","@id":"https:\/\/www.rgpeo.com\/fr\/#organization","name":"RGPEO: Regional Geriatric Program of Eastern Ontario","url":"https:\/\/www.rgpeo.com\/fr\/","logo":{"@type":"ImageObject","inLanguage":"fr-FR","@id":"https:\/\/www.rgpeo.com\/fr\/#\/schema\/logo\/image\/","url":"https:\/\/www.rgpeo.com\/wp-content\/uploads\/2025\/04\/logo.png","contentUrl":"https:\/\/www.rgpeo.com\/wp-content\/uploads\/2025\/04\/logo.png","width":232,"height":94,"caption":"RGPEO: Regional Geriatric Program of Eastern Ontario"},"image":{"@id":"https:\/\/www.rgpeo.com\/fr\/#\/schema\/logo\/image\/"}}]}},"_links":{"self":[{"href":"https:\/\/www.rgpeo.com\/fr\/wp-json\/wp\/v2\/pages\/3701","targetHints":{"allow":["GET"]}}],"collection":[{"href":"https:\/\/www.rgpeo.com\/fr\/wp-json\/wp\/v2\/pages"}],"about":[{"href":"https:\/\/www.rgpeo.com\/fr\/wp-json\/wp\/v2\/types\/page"}],"author":[{"embeddable":true,"href":"https:\/\/www.rgpeo.com\/fr\/wp-json\/wp\/v2\/users\/9"}],"replies":[{"embeddable":true,"href":"https:\/\/www.rgpeo.com\/fr\/wp-json\/wp\/v2\/comments?post=3701"}],"version-history":[{"count":6,"href":"https:\/\/www.rgpeo.com\/fr\/wp-json\/wp\/v2\/pages\/3701\/revisions"}],"predecessor-version":[{"id":3769,"href":"https:\/\/www.rgpeo.com\/fr\/wp-json\/wp\/v2\/pages\/3701\/revisions\/3769"}],"wp:attachment":[{"href":"https:\/\/www.rgpeo.com\/fr\/wp-json\/wp\/v2\/media?parent=3701"}],"curies":[{"name":"wp","href":"https:\/\/api.w.org\/{rel}","templated":true}]}}